{"id":171,"date":"2024-05-10T10:18:17","date_gmt":"2024-05-10T10:18:17","guid":{"rendered":"http:\/\/www.gurhanozsamanci.com.tr\/?page_id=171"},"modified":"2025-09-30T22:30:46","modified_gmt":"2025-09-30T22:30:46","slug":"egitim","status":"publish","type":"page","link":"https:\/\/www.gurhanozsamanci.com.tr\/?page_id=171","title":{"rendered":"E\u011fitim Hayat\u0131m"},"content":{"rendered":"\t\t<div data-elementor-type=\"wp-page\" data-elementor-id=\"171\" class=\"elementor elementor-171\">\n\t\t\t\t<div class=\"elementor-element elementor-element-7f6c67b e-con-full e-flex e-con e-parent\" data-id=\"7f6c67b\" data-element_type=\"container\">\n\t\t\t\t<div class=\"elementor-element elementor-element-64cc1e7 elementor-widget elementor-widget-image\" data-id=\"64cc1e7\" data-element_type=\"widget\" data-widget_type=\"image.default\">\n\t\t\t\t<div class=\"elementor-widget-container\">\n\t\t\t\t\t\t\t\t\t\t\t\t\t\t\t<img fetchpriority=\"high\" decoding=\"async\" width=\"777\" height=\"518\" src=\"https:\/\/www.gurhanozsamanci.com.tr\/wp-content\/uploads\/2023\/12\/042.jpg\" class=\"attachment-large size-large wp-image-19\" alt=\"\" srcset=\"https:\/\/www.gurhanozsamanci.com.tr\/wp-content\/uploads\/2023\/12\/042.jpg 777w, https:\/\/www.gurhanozsamanci.com.tr\/wp-content\/uploads\/2023\/12\/042-300x200.jpg 300w, https:\/\/www.gurhanozsamanci.com.tr\/wp-content\/uploads\/2023\/12\/042-768x512.jpg 768w\" sizes=\"(max-width: 777px) 100vw, 777px\" \/>\t\t\t\t\t\t\t\t\t\t\t\t\t\t\t<\/div>\n\t\t\t\t<\/div>\n\t\t\t\t<div class=\"elementor-element elementor-element-9cf1042 elementor-widget elementor-widget-heading\" data-id=\"9cf1042\" data-element_type=\"widget\" data-widget_type=\"heading.default\">\n\t\t\t\t<div class=\"elementor-widget-container\">\n\t\t\t\t\t<h1 class=\"elementor-heading-title elementor-size-default\">E\u011fitim Hayat\u0131m <\/h1>\t\t\t\t<\/div>\n\t\t\t\t<\/div>\n\t\t\t\t<\/div>\n\t\t<div class=\"elementor-element elementor-element-464a46b e-con-full e-flex e-con e-parent\" data-id=\"464a46b\" data-element_type=\"container\">\n\t\t\t\t<div class=\"elementor-element elementor-element-81df1b0 elementor-widget__width-initial elementor-widget elementor-widget-text-editor\" data-id=\"81df1b0\" data-element_type=\"widget\" data-widget_type=\"text-editor.default\">\n\t\t\t\t<div class=\"elementor-widget-container\">\n\t\t\t\t\t\t\t\t\t<p style=\"text-align: justify;\">\u0130lk, orta ve lise e\u011fitimimi devlet okullar\u0131nda s\u0131ras\u0131 ile M\u00fcdafaa-i Hukuk \u0130lkokulu, G\u00fczelyal\u0131 Orta Okulu ve Nevvar-Salih \u0130\u015fg\u00f6ren Lisesi\u2019nde tamamlad\u0131m.<\/p><p style=\"text-align: justify;\">Lisans e\u011fitimimi \u0130zmir Y\u00fcksek Teknoloji Enstit\u00fcs\u00fc Fen Fak\u00fcltesi Fizik B\u00f6l\u00fcm\u00fc\u2019nde \u0130ngilizce e\u011fitim dilinde s\u00fcrd\u00fcr\u00fcrken, e\u015f zamanl\u0131 olarak Anadolu \u00dcniversitesi \u0130ktisat Fak\u00fcltesi Kamu Y\u00f6netimi Lisans Program\u0131\u2019n\u0131 da bitirdim. Lisans e\u011fitimim s\u0131ras\u0131nda \u00f6\u011fretmenlik formasyonu ad\u0131na Dokuz Eyl\u00fcl \u00dcniversitesi E\u011fitim Fak\u00fcltesi \u0130ngilizce \u00d6\u011fretmenli\u011fi Formasyon Program\u0131\u2019n\u0131 tezsiz y\u00fcksek lisans derecesi, mezuniyet sonras\u0131 Dokuz Eyl\u00fcl \u00dcniversitesi Fen Bilimleri Enstit\u00fcs\u00fc Deprem Y\u00f6netimi Anabilim Dal\u0131\u2019nda y\u00fcksek lisans derecesini alarak sonu\u00e7land\u0131rd\u0131m.<\/p><p style=\"text-align: justify;\">S\u00fcrd\u00fcrd\u00fc\u011f\u00fcm i\u015f kollar\u0131na ait faaliyetlere destek olmas\u0131 amac\u0131yla Anadolu \u00dcniversitesi \u0130nsan Kaynaklar\u0131 Y\u00f6netimi ve Yerel Y\u00f6netimler \u00d6nlisans Programlar\u0131n\u0131 tamamlad\u0131m. Ayr\u0131ca \u0130zmir Y\u00fcksek Teknoloji Enstit\u00fcs\u00fc Lisans\u00fcst\u00fc E\u011fitim Enstit\u00fcs\u00fc \u015eehir Planlama Anabilim Dal\u0131\u2019nda e\u011fitim ald\u0131m. Hali haz\u0131rda belediyecilik\u00a0 faaliyetlerinde etkin olabilmek ad\u0131na Anadolu \u00dcniversitesi Sosyal Hizmetler \u00d6nlisans ve Atat\u00fcrk \u00dcniversitesi Uzak ve A\u00e7\u0131k\u00f6\u011fretim Fak\u00fcltesi Acil Durum ve Afet Y\u00f6netimi \u00d6nlisans programlar\u0131na devam etmekteyim.<\/p><p style=\"text-align: justify;\">Lisans ve lisans\u00fcst\u00fc e\u011fitim s\u00fcre\u00e7lerinde <b>2005-2006,<\/b> <b>2006-2007, 2007-2008, 2008-2009<\/b> ile <b>2016-2017, 2017-2018<\/b> akademik y\u0131llar\u0131nda; fizik b\u00f6l\u00fcm temsilcili\u011fi, fen fak\u00fcltesi temsilcili\u011fi, \u00fcniversite \u00f6\u011frenci konseyi ba\u015fkan yard\u0131mc\u0131l\u0131\u011f\u0131, genel sekreterli\u011fi ve ba\u015fkanl\u0131\u011f\u0131 g\u00f6revlerini ve bu g\u00f6revlerdeyken b\u00f6l\u00fcm, fak\u00fclte ile \u00fcniversite y\u00f6netim kurullar\u0131 ile senatosunda \u00f6\u011frenci temsilcisi olarak g\u00f6rev yapt\u0131m. \u0130l i\u00e7indeki ve yurt genelindeki t\u00fcm toplant\u0131, etkinlik ve programlarda \u00fcniversitenin temsilini sa\u011flad\u0131m.<\/p>\t\t\t\t\t\t\t\t<\/div>\n\t\t\t\t<\/div>\n\t\t\t\t<\/div>\n\t\t<div class=\"elementor-element elementor-element-9bee93b e-con-full e-flex e-con e-parent\" data-id=\"9bee93b\" data-element_type=\"container\">\n\t\t\t\t<div class=\"elementor-element elementor-element-3c3dfe8 elementor-widget elementor-widget-heading\" data-id=\"3c3dfe8\" data-element_type=\"widget\" data-widget_type=\"heading.default\">\n\t\t\t\t<div class=\"elementor-widget-container\">\n\t\t\t\t\t<h2 class=\"elementor-heading-title elementor-size-default\">Sertifikalar \/ E\u011fitimler \/ Kurslar \/  Kat\u0131l\u0131m Belgeleri<\/h2>\t\t\t\t<\/div>\n\t\t\t\t<\/div>\n\t\t\t\t<\/div>\n\t\t<div class=\"elementor-element elementor-element-ea006d2 e-con-full e-flex e-con e-parent\" data-id=\"ea006d2\" data-element_type=\"container\">\n\t\t<div class=\"elementor-element elementor-element-a82ee61 e-grid e-con-boxed e-con e-child\" data-id=\"a82ee61\" data-element_type=\"container\">\n\t\t\t\t\t<div class=\"e-con-inner\">\n\t\t\t\t\t<\/div>\n\t\t\t\t<\/div>\n\t\t\t\t<div class=\"elementor-element elementor-element-8b10047 elementor-widget elementor-widget-text-editor\" data-id=\"8b10047\" data-element_type=\"widget\" data-widget_type=\"text-editor.default\">\n\t\t\t\t<div class=\"elementor-widget-container\">\n\t\t\t\t\t\t\t\t\t<p><strong>2005 Eyl\u00fcl<\/strong>\u00a0 \u00a0 \u00a0 \u00a0 \u00a0 \u00a023.Universiade \u0130zmir Genel E\u011fitimler Kat\u0131l\u0131m Belgesi<\/p><p><strong>2007 Temmuz<\/strong>\u00a0 \u00a0 \u0130ngilizce \u00d6\u011fretmenli\u011fi Sertifikas\u0131 (Tezsiz Y\u00fcksek Lisans D\u00fczeyinde)<\/p><p><strong>2007 Kas\u0131m<\/strong>\u00a0 \u00a0 \u00a0 \u00a0 AB Bilgi B\u00fcrosu E\u011fitim Semineri<\/p><p><strong>2009 Ekim<\/strong>\u00a0 \u00a0 \u00a0 \u00a0 \u00a0 \u00a0Y\u00f6netim Becerilerini Geli\u015ftirme ve Liderlik Semineri (8 Saat)<\/p><p><strong>2010 Eyl\u00fcl<\/strong>\u00a0 \u00a0 \u00a0 \u00a0 \u00a0 \u00a0 Ulusal ve Uluslararas\u0131 Fonlara y\u00f6nelik Proje Haz\u0131rlama Semineri (8 Saat)<\/p><p><strong>2012 Nisan<\/strong>\u00a0 \u00a0 \u00a0 \u00a0 \u00a0 \u00a0KOSGEB Giri\u015fimcilik E\u011fitim Belgesi (60 Saat)<\/p><p><strong>2012 Eyl\u00fcl<\/strong>\u00a0 \u00a0 \u00a0 \u00a0 \u00a0 \u00a0 \u00a0\u0130\u015f G\u00fcvenli\u011fi Uzmanl\u0131\u011f\u0131 E\u011fitimi (220 Saat)<\/p><p><strong>2014 A\u011fustos<\/strong>\u00a0 \u00a0 \u00a0 \u00a0ISO E\u011fitimleri<\/p><p><em>ISO 19011 \u0130\u00e7 Denet\u00e7i E\u011fitimi\u00a0<\/em><\/p><p><em style=\"font-weight: inherit; color: var( --e-global-color-text ); font-family: var( --e-global-typography-text-font-family ), Sans-serif; text-align: var(--text-align); background-color: var(--ast-global-color-5);\">\u00a0 \u00a0 \u00a0 \u00a0 \u00a0 \u00a0 \u00a0 \u00a0 \u00a0 \u00a0 \u00a0 \u00a0 \u00a0 \u00a0 \u00a0 \u00a0 \u00a0OHSAS 18001 \u0130\u015f Sa\u011fl\u0131\u011f\u0131 ve G\u00fcvenli\u011fi Y\u00f6netimi E\u011fitimi<\/em><\/p><p><em style=\"font-weight: inherit; color: var( --e-global-color-text ); font-family: var( --e-global-typography-text-font-family ), Sans-serif; text-align: var(--text-align); background-color: var(--ast-global-color-5);\">\u00a0 \u00a0 \u00a0 \u00a0 \u00a0 \u00a0 \u00a0 \u00a0 \u00a0 \u00a0 \u00a0 \u00a0 \u00a0 \u00a0 \u00a0 \u00a0 \u00a0 Risk Analizi E\u011fitimi<\/em><\/p><p><em>\u00a0 \u00a0 \u00a0 \u00a0 \u00a0 \u00a0 \u00a0 \u00a0 \u00a0 \u00a0 \u00a0 \u00a0 \u00a0 \u00a0 \u00a0 \u00a0 \u00a0ISO 1400 20014 \u00c7evre Y\u00f6netimi Sistemi E\u011fitimi<\/em><\/p><p><em>\u00a0 \u00a0 \u00a0 \u00a0 \u00a0 \u00a0 \u00a0 \u00a0 \u00a0 \u00a0 \u00a0 \u00a0 \u00a0 \u00a0 \u00a0 \u00a0 \u00a0<\/em><em style=\"font-weight: inherit; color: var( --e-global-color-text ); font-family: var( --e-global-typography-text-font-family ), Sans-serif; text-align: var(--text-align); background-color: var(--ast-global-color-5);\">ISO 9001 2008 Temel Kalite Y\u00f6netimi<\/em><\/p><p><em style=\"font-weight: inherit; color: var( --e-global-color-text ); font-family: var( --e-global-typography-text-font-family ), Sans-serif; text-align: var(--text-align); background-color: var(--ast-global-color-5);\">\u00a0 \u00a0 \u00a0 \u00a0 \u00a0 \u00a0 \u00a0 \u00a0 \u00a0 \u00a0 \u00a0 \u00a0 \u00a0 \u00a0 \u00a0 \u00a0 \u00a0 ISO 22000 2005\u00a0 \u00a0 \u00a0 \u00a0 \u00a0 \u00a0 \u00a0 \u00a0 \u00a0 \u00a0 \u00a0 \u00a0 \u00a0 \u00a0 \u00a0 \u00a0 \u00a0 \u00a0 \u00a0 \u00a0 \u00a0 \u00a0 \u00a0 \u00a0<\/em><\/p><p><em style=\"font-weight: inherit; color: var( --e-global-color-text ); font-family: var( --e-global-typography-text-font-family ), Sans-serif; text-align: var(--text-align); background-color: var(--ast-global-color-5);\">\u00a0 \u00a0 \u00a0 \u00a0 \u00a0 \u00a0 \u00a0 \u00a0 \u00a0 \u00a0 \u00a0 \u00a0 \u00a0 \u00a0 \u00a0 \u00a0 \u00a0HACCP G\u0131da G\u00fcvenli\u011fi E\u011fitimi<\/em><\/p><p><strong>2014 Eyl\u00fcl<\/strong>\u00a0 \u00a0 \u00a0 \u00a0 \u00a0 \u00a0 \u00a0G\u00fcne\u015f Enerji Sistemleri Teknik Uzman Yeti\u015ftirme E\u011fitimi Sertifikas\u0131 (48 saat)<\/p><p><strong>2014 Eyl\u00fcl<\/strong>\u00a0 \u00a0 \u00a0 \u00a0 \u00a0 \u00a0 \u00a0G\u00fcne\u015f Enerji Sistemleri (GES) Teknik Uzman Yeti\u015ftirme Kat\u0131l\u0131m Belgesi (48 saat)<\/p><p><strong>2017 Ocak<\/strong>\u00a0 \u00a0 \u00a0 \u00a0 \u00a0 \u00a0 \u00a0Liderlik ve \u0130\u015fletme Y\u00f6neticili\u011fi<\/p><p><strong>2017 Ocak<\/strong>\u00a0 \u00a0 \u00a0 \u00a0 \u00a0 \u00a0 \u00a0\u0130\u015f Analizi ve G\u00f6rev Tan\u0131m\u0131 E\u011fitimi<\/p><p><strong>2017 A\u011fustos<\/strong>\u00a0 \u00a0 \u00a0 \u00a0Ya\u015far \u00dcniversitesi Avrupa Birli\u011fi\u2019nde Giri\u015fimcilik ve \u0130novasyon Y\u00f6netimi Semineri<\/p><p><strong>2018 Mart<\/strong>\u00a0 \u00a0 \u00a0 \u00a0 \u00a0 \u00a0 \u00a0Nektar OSGB \u0130\u015fyeri \u0130\u015f Sa\u011fl\u0131\u011f\u0131 G\u00fcvenli\u011fi E\u011fitimi (8 Saat)<\/p><p><strong>2018 Mart<\/strong>\u00a0 \u00a0 \u00a0 \u00a0 \u00a0 \u00a0 \u00a0M\u00fclakat Teknikleri E\u011fitimi<\/p><p><strong>2018 Mart<\/strong>\u00a0 \u00a0 \u00a0 \u00a0 \u00a0 \u00a0 \u00a0Stratejik \u0130nsan Kaynaklar\u0131 Y\u00f6netimi<\/p><p><strong>2018 May\u0131s<\/strong>\u00a0 \u00a0 \u00a0 \u00a0 \u00a0 \u00a0 Temel \u0130lkyard\u0131m E\u011fitim (16 saat)<\/p><p><strong>2020 A\u011fustos<\/strong>\u00a0 \u00a0 \u00a0 \u00a0 Kariyer Y\u00f6netimi E\u011fitimi<\/p><p><strong>2020 Nisan<\/strong>\u00a0 \u00a0 \u00a0 \u00a0 \u00a0 \u00a0 \u0130\u015fe Al\u0131m ve M\u00fclakat Teknikleri E\u011fitimi<\/p><p><strong>2020 Temmuz<\/strong>\u00a0 \u00a0 \u00a0 \u00a0Temel \u0130SG ve Yang\u0131n E\u011fitimi<\/p><p><strong>2021 Haziran<\/strong>\u00a0 \u00a0 \u00a0 \u00a0 \u00a0\u0130nsan Kaynaklar\u0131 Y\u00f6netimi E\u011fitimi (96 Saat)<\/p><p><strong>2022 Ocak<\/strong>\u00a0 \u00a0 \u00a0 \u00a0 \u00a0 \u00a0 \u00a0 Ya\u015fam Ko\u00e7lu\u011fu E\u011fitimi (8 Ders)<\/p><p><strong>2022 Ocak<\/strong>\u00a0 \u00a0 \u00a0 \u00a0 \u00a0 \u00a0 \u00a0 \u00a0\u0130\u015f Ba\u015fvurusu ve \u0130\u015fe Al\u0131m S\u00fcreci E\u011fitimi (11 Ders)<\/p><p><strong>2022 Ocak<\/strong>\u00a0 \u00a0 \u00a0 \u00a0 \u00a0 \u00a0 \u00a0 \u00a0Otorite E\u011fitimi (4 Ders)<\/p><p><strong>2022 Ocak<\/strong>\u00a0 \u00a0 \u00a0 \u00a0 \u00a0 \u00a0 \u00a0 \u00a0 Liderlik Becerileri ile S\u00fcrd\u00fcr\u00fclebilir Y\u00fcksek Performans E\u011fitimi (16 Ders)<\/p><p><strong>2022 Nisan<\/strong>\u00a0 \u00a0 \u00a0 \u00a0 \u00a0 \u00a0 \u00a0 \u00a0E\u011fitim Dan\u0131\u015fmanl\u0131\u011f\u0131 &amp; \u00d6\u011frenci Ko\u00e7lu\u011fu E\u011fitimi (48 Saat)<\/p><p><strong>2023 A\u011fustos<\/strong>\u00a0 \u00a0 \u00a0 \u00a0 \u00a0 \u00a0SODEV Yerel Y\u00f6netimler Okulu (11 Ders)<\/p><p><strong>2023 Aral\u0131k<\/strong>\u00a0 \u00a0 \u00a0 \u00a0 \u00a0 \u00a0 \u00a0 \u00a0Destekli \u0130stihdam Kursu (16 Saat)<\/p><p><b>2024 A\u011fustos\u00a0<\/b>\u00a0 \u00a0 \u00a0 \u00a0 \u00a0 Etkinlik Y\u00f6netimi E\u011fitimi (T\u00fcrkiye Belediyeler Birli\u011fi-TBB)<\/p><p><b>2024 A\u011fustos\u00a0<\/b>\u00a0 \u00a0 \u00a0 \u00a0 \u00a0 Sorun \u00c7\u00f6zme Becerileri E\u011fitimi (T\u00fcrkiye Belediyeler Birli\u011fi-TBB)<\/p><p><b>2024 A\u011fustos\u00a0<\/b>\u00a0 \u00a0 \u00a0 \u00a0 \u00a0 Toplant\u0131 Y\u00f6netimi E\u011fitimi (T\u00fcrkiye Belediyeler Birli\u011fi-TBB)<\/p><p><b>2024 A\u011fustos\u00a0<\/b>\u00a0 \u00a0 \u00a0 \u00a0 \u00a0 Belediye ile Belediye \u015eirketleri Aras\u0131ndaki \u0130li\u015fkiler E\u011fitimi (TBB)<\/p><p><strong>2024 A\u011fustos\u00a0<\/strong> \u00a0 \u00a0 \u00a0 \u00a0 \u00a0 S\u0131f\u0131r At\u0131k ve Uygulamalar\u0131 E\u011fitimi (EGESEM-16 Saat)<\/p><p><strong>2024 A\u011fustos\u00a0<\/strong>\u00a0 \u00a0 \u00a0 \u00a0 \u00a0 \u00a0Kariyer Planlama E\u011fitimi (EGESEM-16 Saat)<\/p><p><strong>2024 A\u011fustos\u00a0<\/strong>\u00a0 \u00a0 \u00a0 \u00a0 \u00a0 \u00a0Kariyer Planlama Dersi E\u011fitici E\u011fitimi (EGESEM-16 Saat)<\/p><p><strong>2024 A\u011fustos\u00a0<\/strong>\u00a0 \u00a0 \u00a0 \u00a0 \u00a0 \u00a0Ara\u015ft\u0131rma Teknikleri E\u011fitimi (EGESEM-16 Saat)<\/p><p><strong>2024 A\u011fustos\u00a0<\/strong>\u00a0 \u00a0 \u00a0 \u00a0 \u00a0 \u00a0Afet Fark\u0131ndal\u0131\u011f\u0131 ve Acil Durum E\u011fitimi (EGESEM-16 Saat)<\/p><p><strong>2025 A\u011fustos<\/strong>\u00a0 \u00a0 \u00a0 \u00a0 \u00a0 \u00a0 Menderes Belediyesi Mes. Ve Tek. And. Lisesi Usta \u00d6\u011freticilik Kursu<\/p><p><strong>2025 Eyl\u00fcl<\/strong>\u00a0 \u00a0 \u00a0 \u00a0 \u00a0 \u00a0 \u00a0 \u00a0 \u00a0 Belediye \u015eirketleri (T\u00fcrkiye Belediyeler Birli\u011fi-TBB)<\/p><p><strong>2025 Eyl\u00fcl<\/strong>\u00a0 \u00a0 \u00a0 \u00a0 \u00a0 \u00a0 \u00a0 \u00a0 \u00a0 Belediye \u015eirketlerinde Personel \u0130stihdam\u0131 (T\u00fcrkiye Belediyeler Birli\u011fi-TBB)<\/p>\t\t\t\t\t\t\t\t<\/div>\n\t\t\t\t<\/div>\n\t\t\t\t<\/div>\n\t\t\t\t<\/div>\n\t\t","protected":false},"excerpt":{"rendered":"<p>E\u011fitim Hayat\u0131m \u0130lk, orta ve lise e\u011fitimimi devlet okullar\u0131nda s\u0131ras\u0131 ile M\u00fcdafaa-i Hukuk \u0130lkokulu, G\u00fczelyal\u0131 Orta Okulu ve Nevvar-Salih \u0130\u015fg\u00f6ren [&hellip;]<\/p>\n","protected":false},"author":1,"featured_media":0,"parent":0,"menu_order":0,"comment_status":"closed","ping_status":"closed","template":"","meta":{"site-sidebar-layout":"no-sidebar","site-content-layout":"","ast-site-content-layout":"full-width-container","site-content-style":"default","site-sidebar-style":"default","ast-global-header-display":"","ast-banner-title-visibility":"","ast-main-header-display":"","ast-hfb-above-header-display":"","ast-hfb-below-header-display":"","ast-hfb-mobile-header-display":"","site-post-title":"disabled","ast-breadcrumbs-content":"","ast-featured-img":"disabled","footer-sml-layout":"","ast-disable-related-posts":"","theme-transparent-header-meta":"","adv-header-id-meta":"","stick-header-meta":"","header-above-stick-meta":"","header-main-stick-meta":"","header-below-stick-meta":"","astra-migrate-meta-layouts":"default","ast-page-background-enabled":"default","ast-page-background-meta":{"desktop":{"background-color":"var(--ast-global-color-4)","background-image":"","background-repeat":"repeat","background-position":"center center","background-size":"auto","background-attachment":"scroll","background-type":"","background-media":"","overlay-type":"","overlay-color":"","overlay-opacity":"","overlay-gradient":""},"tablet":{"background-color":"","background-image":"","background-repeat":"repeat","background-position":"center center","background-size":"auto","background-attachment":"scroll","background-type":"","background-media":"","overlay-type":"","overlay-color":"","overlay-opacity":"","overlay-gradient":""},"mobile":{"background-color":"","background-image":"","background-repeat":"repeat","background-position":"center center","background-size":"auto","background-attachment":"scroll","background-type":"","background-media":"","overlay-type":"","overlay-color":"","overlay-opacity":"","overlay-gradient":""}},"ast-content-background-meta":{"desktop":{"background-color":"var(--ast-global-color-5)","background-image":"","background-repeat":"repeat","background-position":"center center","background-size":"auto","background-attachment":"scroll","background-type":"","background-media":"","overlay-type":"","overlay-color":"","overlay-opacity":"","overlay-gradient":""},"tablet":{"background-color":"var(--ast-global-color-5)","background-image":"","background-repeat":"repeat","background-position":"center center","background-size":"auto","background-attachment":"scroll","background-type":"","background-media":"","overlay-type":"","overlay-color":"","overlay-opacity":"","overlay-gradient":""},"mobile":{"background-color":"var(--ast-global-color-5)","background-image":"","background-repeat":"repeat","background-position":"center center","background-size":"auto","background-attachment":"scroll","background-type":"","background-media":"","overlay-type":"","overlay-color":"","overlay-opacity":"","overlay-gradient":""}},"footnotes":""},"_links":{"self":[{"href":"https:\/\/www.gurhanozsamanci.com.tr\/index.php?rest_route=\/wp\/v2\/pages\/171"}],"collection":[{"href":"https:\/\/www.gurhanozsamanci.com.tr\/index.php?rest_route=\/wp\/v2\/pages"}],"about":[{"href":"https:\/\/www.gurhanozsamanci.com.tr\/index.php?rest_route=\/wp\/v2\/types\/page"}],"author":[{"embeddable":true,"href":"https:\/\/www.gurhanozsamanci.com.tr\/index.php?rest_route=\/wp\/v2\/users\/1"}],"replies":[{"embeddable":true,"href":"https:\/\/www.gurhanozsamanci.com.tr\/index.php?rest_route=%2Fwp%2Fv2%2Fcomments&post=171"}],"version-history":[{"count":137,"href":"https:\/\/www.gurhanozsamanci.com.tr\/index.php?rest_route=\/wp\/v2\/pages\/171\/revisions"}],"predecessor-version":[{"id":2401,"href":"https:\/\/www.gurhanozsamanci.com.tr\/index.php?rest_route=\/wp\/v2\/pages\/171\/revisions\/2401"}],"wp:attachment":[{"href":"https:\/\/www.gurhanozsamanci.com.tr\/index.php?rest_route=%2Fwp%2Fv2%2Fmedia&parent=171"}],"curies":[{"name":"wp","href":"https:\/\/api.w.org\/{rel}","templated":true}]}}