{"id":2,"date":"2023-12-12T14:34:07","date_gmt":"2023-12-12T14:34:07","guid":{"rendered":"http:\/\/www.gurhanozsamanci.com.tr\/?page_id=2"},"modified":"2024-10-30T18:27:34","modified_gmt":"2024-10-30T18:27:34","slug":"sample-page","status":"publish","type":"page","link":"https:\/\/www.gurhanozsamanci.com.tr\/?page_id=2","title":{"rendered":""},"content":{"rendered":"\t\t<div data-elementor-type=\"wp-page\" data-elementor-id=\"2\" class=\"elementor elementor-2\">\n\t\t\t\t<div class=\"elementor-element elementor-element-666c9db9 e-flex e-con-boxed e-con e-parent\" data-id=\"666c9db9\" data-element_type=\"container\">\n\t\t\t\t\t<div class=\"e-con-inner\">\n\t\t\t\t<div class=\"elementor-element elementor-element-8d5a451 elementor-widget elementor-widget-text-editor\" data-id=\"8d5a451\" data-element_type=\"widget\" data-widget_type=\"text-editor.default\">\n\t\t\t\t<div class=\"elementor-widget-container\">\n\t\t\t\t\t\t\t\t\t<p><\/p>\n<p><\/p>\n<p style=\"text-align: justify;\">\n<\/p><p style=\"text-align: justify;\">26 Mart 1986 tarihinde \u0130zmir\u2019de, Konak \u0130l\u00e7esi\u2019nde d\u00fcnyaya geldim. \u0130brahim ismini, dedeme atfetti\u011fim de\u011ferden dolay\u0131 m\u00fcstear ad olarak kullan\u0131yorum.<\/p>\n<p class=\"has-text-align-left\" style=\"text-align: justify;\">Aile k\u00f6klerimi iki ana kola ay\u0131r\u0131yorum. Annemin baba taraf\u0131ndan soyunun bir b\u00f6l\u00fcm\u00fc y\u00f6r\u00fck olarak 1800lerin ba\u015f\u0131nda <b>Seferihisar Beyler K\u00f6y\u00fc<\/b>\u2019ne gelmi\u015f ve akabinde de \u0130zmir kent merkezine intikal ederek, <b>\u0130ki\u00e7e\u015fmelik<\/b> b\u00f6lgesinde ya\u015famaya ba\u015flam\u0131\u015f, dedemin dedesi Samanc\u0131 Osman o\u011flu Hac\u0131 \u0130brahim (1839 &#8211; 27.12.1916) taraf\u0131ndan&nbsp;<strong>\u201cHac\u0131 \u0130brahim Mahallesi\u201d<\/strong>&nbsp;kurulmu\u015ftur. Kemeralt\u0131\u2019nda Ali Pa\u015fa Meydan&#8217;\u0131nda ve Ba\u015fdurak Camii kar\u015f\u0131s\u0131nda saman d\u00fckkanlar\u0131nda ticaret ile u\u011fra\u015f\u0131p <b>\u201cSamanc\u0131lar\u201d<\/b> olarak an\u0131l\u0131rken, di\u011fer yandan da b\u00fcy\u00fck dedem m\u00fcderrislik yapmaktayd\u0131. Ailenin bir b\u00f6l\u00fcm\u00fc de ta\u015f\u0131mac\u0131\u0131l\u0131k faaliyetinde bulunmu\u015f ve <b>&#8220;Deveciler&#8221;<\/b> olarak bilinmekteydi.<\/p>\n<p class=\"has-text-align-left\" style=\"text-align: justify;\">Dedemin anne s\u00fclalesi ise Orta Makedonya, Yanya\u2019dan \u00f6nce <b>Preveze\u2019<\/b>ye ve Mora \u0130syan\u0131 sonras\u0131nda \u0130zmir\u2019e g\u00f6\u00e7 etmi\u015f, \u0130zmir\u2019de <b>Pazaryeri Mahallesi<\/b>\u2019ne yerle\u015fmi\u015f ve me\u015fhur <b>&#8220;Kas\u0131m Hamamlar\u0131&#8221;<\/b>n\u0131 i\u015fletmi\u015ftir.<\/p>\n<p style=\"text-align: justify;\">Aile b\u00fcy\u00fcklerinden dinlemi\u015f oldu\u011fum hat\u0131rat ve yapm\u0131\u015f oldu\u011fum ara\u015ft\u0131rmalar neticesinde, annemin anne s\u00fclalesinin tamam\u0131n\u0131n Lozan Antla\u015fmas\u0131\u2019ndan sonra m\u00fcbadil olarak, 1924 y\u0131l\u0131nda Selanik Kenti\u2019nden \u0130zmir\u2019e gelmi\u015f ve G\u00fczelyal\u0131 ve K\u00fc\u00e7\u00fckyal\u0131 semtlerinde hayatlar\u0131na devam etmi\u015f oldu\u011fudur. Aile efrad\u0131 Selanik&#8217;te kent merkezinde <b>Koca Kas\u0131m Pa\u015fa<\/b> ve <b>\u0130ki \u015eerefe Camii<\/b> Mahallelerinde ikamet edip; medrese hocal\u0131\u011f\u0131, kerestecilik ve mobilya ticareti ile u\u011fra\u015f\u0131rken, kalan di\u011fer b\u00f6l\u00fcm\u00fc<b> Langaza<\/b>&nbsp;<b>Kazas\u0131<\/b>&#8216;nda <b>Hac\u0131 Bayraml\u0131<\/b> ve <b>Ramna k\u00f6ylerinde<\/b> ya\u015fay\u0131p, \u00e7ift\u00e7ilikle ve nalbantl\u0131kla i\u015ftigal etmi\u015flerdir. Ayr\u0131ca <b>K\u0131lk\u0131\u015f \/ Avrethisar Kazas\u0131<\/b>&nbsp;<b>Virlan K\u00f6y\u00fc<\/b> aile k\u00f6kleri i\u00e7in eri\u015filebilen en uzak noktad\u0131r.<\/p>\n<p><\/p>\n<p><\/p>\n<p><\/p>\n<p><\/p>\n<p><\/p>\t\t\t\t\t\t\t\t<\/div>\n\t\t\t\t<\/div>\n\t\t<div class=\"elementor-element elementor-element-3496728 e-grid e-con-full e-con e-child\" data-id=\"3496728\" data-element_type=\"container\">\n\t\t\t\t<div class=\"elementor-element elementor-element-1b12aeb elementor-widget elementor-widget-image\" data-id=\"1b12aeb\" data-element_type=\"widget\" data-widget_type=\"image.default\">\n\t\t\t\t<div class=\"elementor-widget-container\">\n\t\t\t\t\t\t\t\t\t\t\t\t<figure class=\"wp-caption\">\n\t\t\t\t\t\t\t\t\t\t\t<a href=\"https:\/\/www.gurhanozsamanci.com.tr\/wp-content\/uploads\/2024\/06\/2-2.jpg\" data-elementor-open-lightbox=\"yes\" data-elementor-lightbox-title=\"\u00d6zsamanc\u0131 Ailesi Seniha &amp; \u0130brahim \u00d6zsamanc\u0131 D\u00fc\u011f\u00fcn Merasiminde\" data-e-action-hash=\"#elementor-action%3Aaction%3Dlightbox%26settings%3DeyJpZCI6MTI3MywidXJsIjoiaHR0cHM6XC9cL3d3dy5ndXJoYW5venNhbWFuY2kuY29tLnRyXC93cC1jb250ZW50XC91cGxvYWRzXC8yMDI0XC8wNlwvMi0yLmpwZyJ9\">\n\t\t\t\t\t\t\t<img fetchpriority=\"high\" decoding=\"async\" width=\"1021\" height=\"611\" src=\"https:\/\/www.gurhanozsamanci.com.tr\/wp-content\/uploads\/2024\/06\/2-2.jpg\" class=\"attachment-large size-large wp-image-1273\" alt=\"\" srcset=\"https:\/\/www.gurhanozsamanci.com.tr\/wp-content\/uploads\/2024\/06\/2-2.jpg 1021w, https:\/\/www.gurhanozsamanci.com.tr\/wp-content\/uploads\/2024\/06\/2-2-300x180.jpg 300w, https:\/\/www.gurhanozsamanci.com.tr\/wp-content\/uploads\/2024\/06\/2-2-768x460.jpg 768w\" sizes=\"(max-width: 1021px) 100vw, 1021px\" \/>\t\t\t\t\t\t\t\t<\/a>\n\t\t\t\t\t\t\t\t\t\t\t<figcaption class=\"widget-image-caption wp-caption-text\">Seniha &amp; \u0130brahim \u00d6zsamanc\u0131 D\u00fc\u011f\u00fcn Merasimi, 21 Ekim 1954<\/figcaption>\n\t\t\t\t\t\t\t\t\t\t<\/figure>\n\t\t\t\t\t\t\t\t\t<\/div>\n\t\t\t\t<\/div>\n\t\t\t\t<div class=\"elementor-element elementor-element-31a7d23 elementor-widget elementor-widget-image\" data-id=\"31a7d23\" data-element_type=\"widget\" data-widget_type=\"image.default\">\n\t\t\t\t<div class=\"elementor-widget-container\">\n\t\t\t\t\t\t\t\t\t\t\t\t<figure class=\"wp-caption\">\n\t\t\t\t\t\t\t\t\t\t\t<a href=\"https:\/\/www.gurhanozsamanci.com.tr\/wp-content\/uploads\/2024\/06\/1.jpg\" data-elementor-open-lightbox=\"yes\" data-elementor-lightbox-title=\"Seniha Hurmal\u0131lar\u2019\u0131n Aile Efrad\u0131 Ni\u015fan Merasiminde, G\u00fczelyal\u0131, Mithatpa\u015fa Caddesi No:1021\" data-e-action-hash=\"#elementor-action%3Aaction%3Dlightbox%26settings%3DeyJpZCI6MTI0MCwidXJsIjoiaHR0cHM6XC9cL3d3dy5ndXJoYW5venNhbWFuY2kuY29tLnRyXC93cC1jb250ZW50XC91cGxvYWRzXC8yMDI0XC8wNlwvMS5qcGcifQ%3D%3D\">\n\t\t\t\t\t\t\t<img decoding=\"async\" width=\"1021\" height=\"611\" src=\"https:\/\/www.gurhanozsamanci.com.tr\/wp-content\/uploads\/2024\/06\/1.jpg\" class=\"attachment-large size-large wp-image-1240\" alt=\"\" srcset=\"https:\/\/www.gurhanozsamanci.com.tr\/wp-content\/uploads\/2024\/06\/1.jpg 1021w, https:\/\/www.gurhanozsamanci.com.tr\/wp-content\/uploads\/2024\/06\/1-300x180.jpg 300w, https:\/\/www.gurhanozsamanci.com.tr\/wp-content\/uploads\/2024\/06\/1-768x460.jpg 768w\" sizes=\"(max-width: 1021px) 100vw, 1021px\" \/>\t\t\t\t\t\t\t\t<\/a>\n\t\t\t\t\t\t\t\t\t\t\t<figcaption class=\"widget-image-caption wp-caption-text\">21 Haziran 1953, Seniha Hurmal\u0131lar &amp; \u0130brahim \u00d6zsamanc\u0131 Ni\u015fan Merasimi <\/figcaption>\n\t\t\t\t\t\t\t\t\t\t<\/figure>\n\t\t\t\t\t\t\t\t\t<\/div>\n\t\t\t\t<\/div>\n\t\t\t\t<\/div>\n\t\t<div class=\"elementor-element elementor-element-0c0a995 e-grid e-con-full e-con e-child\" data-id=\"0c0a995\" data-element_type=\"container\">\n\t\t\t\t<div class=\"elementor-element elementor-element-1beb8c5 elementor-widget elementor-widget-image\" data-id=\"1beb8c5\" data-element_type=\"widget\" data-widget_type=\"image.default\">\n\t\t\t\t<div class=\"elementor-widget-container\">\n\t\t\t\t\t\t\t\t\t\t\t\t<figure class=\"wp-caption\">\n\t\t\t\t\t\t\t\t\t\t\t<a href=\"https:\/\/www.gurhanozsamanci.com.tr\/wp-content\/uploads\/2024\/06\/nnnn-1.jpg\" data-elementor-open-lightbox=\"yes\" data-elementor-lightbox-title=\"\u00d6zsamanc\u0131 Ailesi, K\u0131z Hasan Soka\u011f\u0131 No:47, Hac\u0131 \u0130brahim Mahallesi, 1947\" data-e-action-hash=\"#elementor-action%3Aaction%3Dlightbox%26settings%3DeyJpZCI6MTMwMiwidXJsIjoiaHR0cHM6XC9cL3d3dy5ndXJoYW5venNhbWFuY2kuY29tLnRyXC93cC1jb250ZW50XC91cGxvYWRzXC8yMDI0XC8wNlwvbm5ubi0xLmpwZyJ9\">\n\t\t\t\t\t\t\t<img decoding=\"async\" width=\"781\" height=\"847\" src=\"https:\/\/www.gurhanozsamanci.com.tr\/wp-content\/uploads\/2024\/06\/nnnn-1.jpg\" class=\"attachment-large size-large wp-image-1302\" alt=\"\" srcset=\"https:\/\/www.gurhanozsamanci.com.tr\/wp-content\/uploads\/2024\/06\/nnnn-1.jpg 781w, https:\/\/www.gurhanozsamanci.com.tr\/wp-content\/uploads\/2024\/06\/nnnn-1-277x300.jpg 277w, https:\/\/www.gurhanozsamanci.com.tr\/wp-content\/uploads\/2024\/06\/nnnn-1-768x833.jpg 768w\" sizes=\"(max-width: 781px) 100vw, 781px\" \/>\t\t\t\t\t\t\t\t<\/a>\n\t\t\t\t\t\t\t\t\t\t\t<figcaption class=\"widget-image-caption wp-caption-text\">Soldan Sa\u011fa\n \n\u00dcst S\u0131ra: G\u00fcl\u015fen \u00d6zsamanc\u0131, Mesrure \u00d6zsamanc\u0131, G\u00fclen \u00d6zsamanc\u0131\n\n\nOturanlar: Fehmi \u00d6zsamanc\u0131, Osman Nuri \u00d6zsamanc\u0131, Hasibe \u00d6zsamanc\u0131, \u0130brahim \u00d6zsamanc\u0131\n<\/figcaption>\n\t\t\t\t\t\t\t\t\t\t<\/figure>\n\t\t\t\t\t\t\t\t\t<\/div>\n\t\t\t\t<\/div>\n\t\t\t\t<div class=\"elementor-element elementor-element-cc32b7b elementor-widget elementor-widget-image\" data-id=\"cc32b7b\" data-element_type=\"widget\" data-widget_type=\"image.default\">\n\t\t\t\t<div class=\"elementor-widget-container\">\n\t\t\t\t\t\t\t\t\t\t\t\t<figure class=\"wp-caption\">\n\t\t\t\t\t\t\t\t\t\t\t<a href=\"https:\/\/www.gurhanozsamanci.com.tr\/wp-content\/uploads\/2024\/06\/vvvv.jpg\" data-elementor-open-lightbox=\"yes\" data-elementor-lightbox-title=\"Hurmal\u0131lar Ailesi, Dilaver Efendi Soka\u011f\u0131 No:9,  II. Karantina Mahallesi\" data-e-action-hash=\"#elementor-action%3Aaction%3Dlightbox%26settings%3DeyJpZCI6MTI3OCwidXJsIjoiaHR0cHM6XC9cL3d3dy5ndXJoYW5venNhbWFuY2kuY29tLnRyXC93cC1jb250ZW50XC91cGxvYWRzXC8yMDI0XC8wNlwvdnZ2di5qcGcifQ%3D%3D\">\n\t\t\t\t\t\t\t<img loading=\"lazy\" decoding=\"async\" width=\"492\" height=\"699\" src=\"https:\/\/www.gurhanozsamanci.com.tr\/wp-content\/uploads\/2024\/06\/vvvv.jpg\" class=\"attachment-large size-large wp-image-1278\" alt=\"\" srcset=\"https:\/\/www.gurhanozsamanci.com.tr\/wp-content\/uploads\/2024\/06\/vvvv.jpg 492w, https:\/\/www.gurhanozsamanci.com.tr\/wp-content\/uploads\/2024\/06\/vvvv-211x300.jpg 211w\" sizes=\"(max-width: 492px) 100vw, 492px\" \/>\t\t\t\t\t\t\t\t<\/a>\n\t\t\t\t\t\t\t\t\t\t\t<figcaption class=\"widget-image-caption wp-caption-text\">Soldan Sa\u011fa. Meliha Hurmal\u0131lar, Numan Hurmal\u0131lar, Seniha Hurmal\u0131lar, Ay\u015fe Hurmal\u0131lar<\/figcaption>\n\t\t\t\t\t\t\t\t\t\t<\/figure>\n\t\t\t\t\t\t\t\t\t<\/div>\n\t\t\t\t<\/div>\n\t\t\t\t<\/div>\n\t\t\t\t\t<\/div>\n\t\t\t\t<\/div>\n\t\t<div class=\"elementor-element elementor-element-3c855c9 e-con-full e-flex e-con e-parent\" data-id=\"3c855c9\" data-element_type=\"container\">\n\t\t\t\t<div class=\"elementor-element elementor-element-b9b5c00 elementor-widget__width-initial elementor-widget elementor-widget-image\" data-id=\"b9b5c00\" data-element_type=\"widget\" data-widget_type=\"image.default\">\n\t\t\t\t<div class=\"elementor-widget-container\">\n\t\t\t\t\t\t\t\t\t\t\t\t<figure class=\"wp-caption\">\n\t\t\t\t\t\t\t\t\t\t\t<a href=\"https:\/\/www.gurhanozsamanci.com.tr\/wp-content\/uploads\/2024\/06\/Site-Soyagaci-scaled.jpg\" data-elementor-open-lightbox=\"yes\" data-e-action-hash=\"#elementor-action%3Aaction%3Dlightbox%26settings%3DeyJpZCI6MTUwOCwidXJsIjoiaHR0cHM6XC9cL3d3dy5ndXJoYW5venNhbWFuY2kuY29tLnRyXC93cC1jb250ZW50XC91cGxvYWRzXC8yMDI0XC8wNlwvU2l0ZS1Tb3lhZ2FjaS1zY2FsZWQuanBnIn0%3D\">\n\t\t\t\t\t\t\t<img loading=\"lazy\" decoding=\"async\" width=\"2560\" height=\"868\" src=\"https:\/\/www.gurhanozsamanci.com.tr\/wp-content\/uploads\/2024\/06\/Site-Soyagaci-scaled.jpg\" class=\"attachment-full size-full wp-image-1508\" alt=\"\" srcset=\"https:\/\/www.gurhanozsamanci.com.tr\/wp-content\/uploads\/2024\/06\/Site-Soyagaci-scaled.jpg 2560w, https:\/\/www.gurhanozsamanci.com.tr\/wp-content\/uploads\/2024\/06\/Site-Soyagaci-300x102.jpg 300w, https:\/\/www.gurhanozsamanci.com.tr\/wp-content\/uploads\/2024\/06\/Site-Soyagaci-1024x347.jpg 1024w, https:\/\/www.gurhanozsamanci.com.tr\/wp-content\/uploads\/2024\/06\/Site-Soyagaci-768x261.jpg 768w, https:\/\/www.gurhanozsamanci.com.tr\/wp-content\/uploads\/2024\/06\/Site-Soyagaci-1536x521.jpg 1536w, https:\/\/www.gurhanozsamanci.com.tr\/wp-content\/uploads\/2024\/06\/Site-Soyagaci-2048x695.jpg 2048w\" sizes=\"(max-width: 2560px) 100vw, 2560px\" \/>\t\t\t\t\t\t\t\t<\/a>\n\t\t\t\t\t\t\t\t\t\t\t<figcaption class=\"widget-image-caption wp-caption-text\">G\u00fcrhan \u00d6zsamanc\u0131 \u015eeceresi<\/figcaption>\n\t\t\t\t\t\t\t\t\t\t<\/figure>\n\t\t\t\t\t\t\t\t\t<\/div>\n\t\t\t\t<\/div>\n\t\t\t\t<\/div>\n\t\t\t\t<\/div>\n\t\t","protected":false},"excerpt":{"rendered":"<p>26 Mart 1986 tarihinde \u0130zmir\u2019de, Konak \u0130l\u00e7esi\u2019nde d\u00fcnyaya geldim. \u0130brahim ismini, dedeme atfetti\u011fim de\u011ferden dolay\u0131 m\u00fcstear ad olarak kullan\u0131yorum. Aile [&hellip;]<\/p>\n","protected":false},"author":1,"featured_media":0,"parent":0,"menu_order":0,"comment_status":"closed","ping_status":"open","template":"","meta":{"site-sidebar-layout":"default","site-content-layout":"","ast-site-content-layout":"default","site-content-style":"default","site-sidebar-style":"default","ast-global-header-display":"","ast-banner-title-visibility":"","ast-main-header-display":"","ast-hfb-above-header-display":"","ast-hfb-below-header-display":"","ast-hfb-mobile-header-display":"","site-post-title":"","ast-breadcrumbs-content":"","ast-featured-img":"","footer-sml-layout":"","ast-disable-related-posts":"","theme-transparent-header-meta":"","adv-header-id-meta":"","stick-header-meta":"","header-above-stick-meta":"","header-main-stick-meta":"","header-below-stick-meta":"","astra-migrate-meta-layouts":"default","ast-page-background-enabled":"default","ast-page-background-meta":{"desktop":{"background-color":"var(--ast-global-color-4)","background-image":"","background-repeat":"repeat","background-position":"center center","background-size":"auto","background-attachment":"scroll","background-type":"","background-media":"","overlay-type":"","overlay-color":"","overlay-opacity":"","overlay-gradient":""},"tablet":{"background-color":"","background-image":"","background-repeat":"repeat","background-position":"center center","background-size":"auto","background-attachment":"scroll","background-type":"","background-media":"","overlay-type":"","overlay-color":"","overlay-opacity":"","overlay-gradient":""},"mobile":{"background-color":"","background-image":"","background-repeat":"repeat","background-position":"center center","background-size":"auto","background-attachment":"scroll","background-type":"","background-media":"","overlay-type":"","overlay-color":"","overlay-opacity":"","overlay-gradient":""}},"ast-content-background-meta":{"desktop":{"background-color":"var(--ast-global-color-5)","background-image":"","background-repeat":"repeat","background-position":"center center","background-size":"auto","background-attachment":"scroll","background-type":"","background-media":"","overlay-type":"","overlay-color":"","overlay-opacity":"","overlay-gradient":""},"tablet":{"background-color":"var(--ast-global-color-5)","background-image":"","background-repeat":"repeat","background-position":"center center","background-size":"auto","background-attachment":"scroll","background-type":"","background-media":"","overlay-type":"","overlay-color":"","overlay-opacity":"","overlay-gradient":""},"mobile":{"background-color":"var(--ast-global-color-5)","background-image":"","background-repeat":"repeat","background-position":"center center","background-size":"auto","background-attachment":"scroll","background-type":"","background-media":"","overlay-type":"","overlay-color":"","overlay-opacity":"","overlay-gradient":""}},"footnotes":""},"_links":{"self":[{"href":"https:\/\/www.gurhanozsamanci.com.tr\/index.php?rest_route=\/wp\/v2\/pages\/2"}],"collection":[{"href":"https:\/\/www.gurhanozsamanci.com.tr\/index.php?rest_route=\/wp\/v2\/pages"}],"about":[{"href":"https:\/\/www.gurhanozsamanci.com.tr\/index.php?rest_route=\/wp\/v2\/types\/page"}],"author":[{"embeddable":true,"href":"https:\/\/www.gurhanozsamanci.com.tr\/index.php?rest_route=\/wp\/v2\/users\/1"}],"replies":[{"embeddable":true,"href":"https:\/\/www.gurhanozsamanci.com.tr\/index.php?rest_route=%2Fwp%2Fv2%2Fcomments&post=2"}],"version-history":[{"count":204,"href":"https:\/\/www.gurhanozsamanci.com.tr\/index.php?rest_route=\/wp\/v2\/pages\/2\/revisions"}],"predecessor-version":[{"id":2323,"href":"https:\/\/www.gurhanozsamanci.com.tr\/index.php?rest_route=\/wp\/v2\/pages\/2\/revisions\/2323"}],"wp:attachment":[{"href":"https:\/\/www.gurhanozsamanci.com.tr\/index.php?rest_route=%2Fwp%2Fv2%2Fmedia&parent=2"}],"curies":[{"name":"wp","href":"https:\/\/api.w.org\/{rel}","templated":true}]}}