{"id":872,"date":"2024-05-16T06:01:06","date_gmt":"2024-05-16T06:01:06","guid":{"rendered":"http:\/\/www.gurhanozsamanci.com.tr\/?page_id=872"},"modified":"2025-07-11T17:58:46","modified_gmt":"2025-07-11T17:58:46","slug":"calisma-2","status":"publish","type":"page","link":"https:\/\/www.gurhanozsamanci.com.tr\/?page_id=872","title":{"rendered":"\u00c7al\u0131\u015fma Hayat\u0131m"},"content":{"rendered":"\t\t<div data-elementor-type=\"wp-page\" data-elementor-id=\"872\" class=\"elementor elementor-872\">\n\t\t\t\t<div class=\"elementor-element elementor-element-7f6c67b e-con-full e-flex e-con e-parent\" data-id=\"7f6c67b\" data-element_type=\"container\">\n\t\t\t\t<div class=\"elementor-element elementor-element-64cc1e7 elementor-widget elementor-widget-image\" data-id=\"64cc1e7\" data-element_type=\"widget\" data-widget_type=\"image.default\">\n\t\t\t\t<div class=\"elementor-widget-container\">\n\t\t\t\t\t\t\t\t\t\t\t\t\t\t\t<img fetchpriority=\"high\" decoding=\"async\" width=\"777\" height=\"518\" src=\"https:\/\/www.gurhanozsamanci.com.tr\/wp-content\/uploads\/2023\/12\/042.jpg\" class=\"attachment-large size-large wp-image-19\" alt=\"\" srcset=\"https:\/\/www.gurhanozsamanci.com.tr\/wp-content\/uploads\/2023\/12\/042.jpg 777w, https:\/\/www.gurhanozsamanci.com.tr\/wp-content\/uploads\/2023\/12\/042-300x200.jpg 300w, https:\/\/www.gurhanozsamanci.com.tr\/wp-content\/uploads\/2023\/12\/042-768x512.jpg 768w\" sizes=\"(max-width: 777px) 100vw, 777px\" \/>\t\t\t\t\t\t\t\t\t\t\t\t\t\t\t<\/div>\n\t\t\t\t<\/div>\n\t\t\t\t<div class=\"elementor-element elementor-element-9cf1042 elementor-widget elementor-widget-heading\" data-id=\"9cf1042\" data-element_type=\"widget\" data-widget_type=\"heading.default\">\n\t\t\t\t<div class=\"elementor-widget-container\">\n\t\t\t\t\t<h1 class=\"elementor-heading-title elementor-size-default\">\u00c7al\u0131\u015fma Hayat\u0131m <\/h1>\t\t\t\t<\/div>\n\t\t\t\t<\/div>\n\t\t\t\t<\/div>\n\t\t<div class=\"elementor-element elementor-element-464a46b e-flex e-con-boxed e-con e-parent\" data-id=\"464a46b\" data-element_type=\"container\">\n\t\t\t\t\t<div class=\"e-con-inner\">\n\t\t\t\t<div class=\"elementor-element elementor-element-81df1b0 elementor-widget elementor-widget-text-editor\" data-id=\"81df1b0\" data-element_type=\"widget\" data-widget_type=\"text-editor.default\">\n\t\t\t\t<div class=\"elementor-widget-container\">\n\t\t\t\t\t\t\t\t\t<p style=\"text-align: justify;\"><b>2003 <\/b>y\u0131l\u0131nda ilk ve ortaokul \u00f6\u011frencilerine fen-matematik-\u0130ngilizce \u00f6zel ders \u00f6\u011fretmenli\u011fi yapmaya ba\u015flad\u0131m ve f\u0131rsat bulduk\u00e7a \u00f6\u011frencilerle \u00e7al\u0131\u015fmaya devam ediyorum.<\/p>\n<p style=\"text-align: justify;\"><b>2005 <\/b>y\u0131l\u0131nda <b>ABRA Vin\u00e7<\/b> firmas\u0131nda m\u00fchendislik staj\u0131 yapt\u0131ktan sonra ayn\u0131 y\u0131l <b>\u0130zmir Universiade 2005<\/b> etkinli\u011finde ve akabinde <b>\u0130ZFA\u015e\u2019<\/b>ta &#8220;terc\u00fcman&#8221; olarak \u00e7al\u0131\u015ft\u0131m.<\/p>\n<p style=\"text-align: justify;\"><b>2006-2015 <\/b>y\u0131llar\u0131 aras\u0131nda <b>\u00d6zel \u0130zmir Elit Dershanesi<\/b>\u2019nde stajyer fizik ve \u0130ngilizce \u00f6\u011fretmenli\u011fi, et\u00fct \u00f6\u011fretmenli\u011fi, ortaokul ve lise grubu fizik ve \u0130ngilizce \u00f6\u011fretmenli\u011fi ile y\u00f6netici asistanl\u0131\u011f\u0131 ve y\u00f6neticilik g\u00f6revlerinde bulundum.<\/p>\n<p style=\"text-align: justify;\">Dershanedeki \u00e7al\u0131\u015fmalar\u0131mla e\u015f zamanl\u0131 olarak <b>\u0130zmir Konak Belediyesi<\/b>\u2019nde <b>2009 Haziran-2013 A\u011fustos<\/b> d\u00f6neminde &#8220;ba\u015fkan gen\u00e7lik dan\u0131\u015fmanl\u0131\u011f\u0131&#8221; g\u00f6revini s\u00fcrd\u00fcrd\u00fcm.<\/p>\n<p style=\"text-align: justify;\"><b>2015 Ocak<\/b>&#8211;<b>2017 May\u0131s<\/b> d\u00f6neminde <b>Egeport Bili\u015fim<\/b> firmas\u0131na &#8220;idari dan\u0131\u015fmanl\u0131k&#8221; yapt\u0131m.<\/p>\n<p style=\"text-align: justify;\"><b>Temmuz 2017-Aral\u0131k 2022 <\/b>tarihleri aras\u0131nda <b>\u0130zmir Teknoloji Geli\u015ftirme B\u00f6lgesi A.\u015e<\/b> Kariyer Dan\u0131\u015fmanl\u0131\u011f\u0131 g\u00f6revi ile beraber<b> \u0130zmir Y\u00fcksek Teknoloji Enstit\u00fcs\u00fc<\/b> Kariyer Merkezi\u2019nde \u00f6nce &#8220;kurucu koordinat\u00f6r&#8221; ve akabinde &#8220;kariyer dan\u0131\u015fman\u0131&#8221; olarak \u00e7al\u0131\u015fmalar\u0131m\u0131 devam ettirdim. Bu s\u00fcre zarf\u0131nda toplamda <b>171<\/b> kariyer etkinli\u011fini organize ederek, <b>~4000<\/b> \u00f6\u011frenci ve mezun aday\u0131\/mezun ile dan\u0131\u015fmanl\u0131k g\u00f6r\u00fc\u015fmesi ger\u00e7ekle\u015ftirdim.<\/p>\n<p style=\"text-align: justify;\"><b>12 Aral\u0131k 2022 <\/b>itibar\u0131yla <b>\u0130zmir B\u00fcy\u00fck\u015fehir Belediyesi<\/b> Sosyal Projeler Dairesi Ba\u015fkanl\u0131\u011f\u0131 <b>Gen\u00e7lik \u00c7al\u0131\u015fmalar\u0131 ve Sosyal Projeler \u015eube M\u00fcd\u00fcrl\u00fc\u011f\u00fc<\/b>&#8216;ne ba\u011fl\u0131 olarak Tarihi Havagaz\u0131 Fabrikas\u0131 Gen\u00e7lik Yerle\u015fkesinde &#8220;kariyer dan\u0131\u015fmanl\u0131\u011f\u0131&#8221; g\u00f6revini \u00fcstlendim. Kariyer dan\u0131\u015fmanl\u0131\u011f\u0131n\u0131n yan\u0131 s\u0131ra ki\u015fisel ve mesleki geli\u015fim e\u011fitimleri vermekte olup ve <b>&#8220;Kariyer Fuar \u0130zmir&#8217;23&#8221;<\/b> projesini hayata ge\u00e7irdim.<\/p>\n<p style=\"text-align: justify;\"><b>10 Haziran 2024<\/b> tarihinden ge\u00e7erli olmak \u00fczere <b>\u0130zmir B\u00fcy\u00fck\u015fehir Belediyesi<\/b> \u0130klim De\u011fi\u015fikli\u011fi ve S\u0131f\u0131r At\u0131k Dairesi Ba\u015fkanl\u0131\u011f\u0131 <b>\u0130klim De\u011fi\u015fikli\u011fi ve Temiz Enerji \u015eube M\u00fcd\u00fcrl\u00fc\u011f\u00fc<\/b>&#8216;nde fizik\u00e7i olarak g\u00f6revlendirildim.<\/p>\n<p style=\"text-align: justify;\"><b>10 Nisan 2025-10 Temmuz 2025<\/b>&nbsp;tarihinden itibaren&nbsp;<b>\u0130zmir B\u00fcy\u00fck\u015fehir Belediyesi Genel Sekreterlik<\/b> b\u00fcnyesinde insan kaynaklar\u0131 uzman\u0131 olarak belediye ba\u015fkan\u0131 insan kaynaklar\u0131 dan\u0131\u015fman\u0131 ile ba\u015flayan \u00e7al\u0131\u015fmalar\u0131&nbsp;<b>11 Temmuz 2025<\/b> itibar\u0131yla \u0130nsan Kaynaklar\u0131 Dairesi Ba\u015fkanl\u0131\u011f\u0131&#8217;nda s\u00fcrd\u00fcrmekteyim.<\/p>\n<p style=\"text-align: justify;\"><br><\/p>\t\t\t\t\t\t\t\t<\/div>\n\t\t\t\t<\/div>\n\t\t\t\t\t<\/div>\n\t\t\t\t<\/div>\n\t\t\t\t<\/div>\n\t\t","protected":false},"excerpt":{"rendered":"<p>\u00c7al\u0131\u015fma Hayat\u0131m 2003 y\u0131l\u0131nda ilk ve ortaokul \u00f6\u011frencilerine fen-matematik-\u0130ngilizce \u00f6zel ders \u00f6\u011fretmenli\u011fi yapmaya ba\u015flad\u0131m ve f\u0131rsat bulduk\u00e7a \u00f6\u011frencilerle \u00e7al\u0131\u015fmaya devam [&hellip;]<\/p>\n","protected":false},"author":1,"featured_media":0,"parent":0,"menu_order":0,"comment_status":"closed","ping_status":"closed","template":"","meta":{"site-sidebar-layout":"no-sidebar","site-content-layout":"","ast-site-content-layout":"full-width-container","site-content-style":"default","site-sidebar-style":"default","ast-global-header-display":"","ast-banner-title-visibility":"","ast-main-header-display":"","ast-hfb-above-header-display":"","ast-hfb-below-header-display":"","ast-hfb-mobile-header-display":"","site-post-title":"disabled","ast-breadcrumbs-content":"","ast-featured-img":"disabled","footer-sml-layout":"","ast-disable-related-posts":"","theme-transparent-header-meta":"","adv-header-id-meta":"","stick-header-meta":"","header-above-stick-meta":"","header-main-stick-meta":"","header-below-stick-meta":"","astra-migrate-meta-layouts":"default","ast-page-background-enabled":"default","ast-page-background-meta":{"desktop":{"background-color":"var(--ast-global-color-4)","background-image":"","background-repeat":"repeat","background-position":"center center","background-size":"auto","background-attachment":"scroll","background-type":"","background-media":"","overlay-type":"","overlay-color":"","overlay-opacity":"","overlay-gradient":""},"tablet":{"background-color":"","background-image":"","background-repeat":"repeat","background-position":"center center","background-size":"auto","background-attachment":"scroll","background-type":"","background-media":"","overlay-type":"","overlay-color":"","overlay-opacity":"","overlay-gradient":""},"mobile":{"background-color":"","background-image":"","background-repeat":"repeat","background-position":"center center","background-size":"auto","background-attachment":"scroll","background-type":"","background-media":"","overlay-type":"","overlay-color":"","overlay-opacity":"","overlay-gradient":""}},"ast-content-background-meta":{"desktop":{"background-color":"var(--ast-global-color-5)","background-image":"","background-repeat":"repeat","background-position":"center center","background-size":"auto","background-attachment":"scroll","background-type":"","background-media":"","overlay-type":"","overlay-color":"","overlay-opacity":"","overlay-gradient":""},"tablet":{"background-color":"var(--ast-global-color-5)","background-image":"","background-repeat":"repeat","background-position":"center center","background-size":"auto","background-attachment":"scroll","background-type":"","background-media":"","overlay-type":"","overlay-color":"","overlay-opacity":"","overlay-gradient":""},"mobile":{"background-color":"var(--ast-global-color-5)","background-image":"","background-repeat":"repeat","background-position":"center center","background-size":"auto","background-attachment":"scroll","background-type":"","background-media":"","overlay-type":"","overlay-color":"","overlay-opacity":"","overlay-gradient":""}},"footnotes":""},"_links":{"self":[{"href":"https:\/\/www.gurhanozsamanci.com.tr\/index.php?rest_route=\/wp\/v2\/pages\/872"}],"collection":[{"href":"https:\/\/www.gurhanozsamanci.com.tr\/index.php?rest_route=\/wp\/v2\/pages"}],"about":[{"href":"https:\/\/www.gurhanozsamanci.com.tr\/index.php?rest_route=\/wp\/v2\/types\/page"}],"author":[{"embeddable":true,"href":"https:\/\/www.gurhanozsamanci.com.tr\/index.php?rest_route=\/wp\/v2\/users\/1"}],"replies":[{"embeddable":true,"href":"https:\/\/www.gurhanozsamanci.com.tr\/index.php?rest_route=%2Fwp%2Fv2%2Fcomments&post=872"}],"version-history":[{"count":77,"href":"https:\/\/www.gurhanozsamanci.com.tr\/index.php?rest_route=\/wp\/v2\/pages\/872\/revisions"}],"predecessor-version":[{"id":2395,"href":"https:\/\/www.gurhanozsamanci.com.tr\/index.php?rest_route=\/wp\/v2\/pages\/872\/revisions\/2395"}],"wp:attachment":[{"href":"https:\/\/www.gurhanozsamanci.com.tr\/index.php?rest_route=%2Fwp%2Fv2%2Fmedia&parent=872"}],"curies":[{"name":"wp","href":"https:\/\/api.w.org\/{rel}","templated":true}]}}