{"id":879,"date":"2024-05-16T06:05:55","date_gmt":"2024-05-16T06:05:55","guid":{"rendered":"http:\/\/www.gurhanozsamanci.com.tr\/?page_id=879"},"modified":"2025-11-16T11:18:12","modified_gmt":"2025-11-16T11:18:12","slug":"calisma","status":"publish","type":"page","link":"https:\/\/www.gurhanozsamanci.com.tr\/?page_id=879","title":{"rendered":"Organizasyonel Faaliyetler"},"content":{"rendered":"\t\t<div data-elementor-type=\"wp-page\" data-elementor-id=\"879\" class=\"elementor elementor-879\">\n\t\t\t\t<div class=\"elementor-element elementor-element-7f6c67b e-con-full e-flex e-con e-parent\" data-id=\"7f6c67b\" data-element_type=\"container\">\n\t\t\t\t<div class=\"elementor-element elementor-element-64cc1e7 elementor-widget elementor-widget-image\" data-id=\"64cc1e7\" data-element_type=\"widget\" data-widget_type=\"image.default\">\n\t\t\t\t<div class=\"elementor-widget-container\">\n\t\t\t\t\t\t\t\t\t\t\t\t\t\t\t<img fetchpriority=\"high\" decoding=\"async\" width=\"777\" height=\"518\" src=\"https:\/\/www.gurhanozsamanci.com.tr\/wp-content\/uploads\/2023\/12\/042.jpg\" class=\"attachment-large size-large wp-image-19\" alt=\"\" srcset=\"https:\/\/www.gurhanozsamanci.com.tr\/wp-content\/uploads\/2023\/12\/042.jpg 777w, https:\/\/www.gurhanozsamanci.com.tr\/wp-content\/uploads\/2023\/12\/042-300x200.jpg 300w, https:\/\/www.gurhanozsamanci.com.tr\/wp-content\/uploads\/2023\/12\/042-768x512.jpg 768w\" sizes=\"(max-width: 777px) 100vw, 777px\" \/>\t\t\t\t\t\t\t\t\t\t\t\t\t\t\t<\/div>\n\t\t\t\t<\/div>\n\t\t\t\t<div class=\"elementor-element elementor-element-9cf1042 elementor-widget elementor-widget-heading\" data-id=\"9cf1042\" data-element_type=\"widget\" data-widget_type=\"heading.default\">\n\t\t\t\t<div class=\"elementor-widget-container\">\n\t\t\t\t\t<h1 class=\"elementor-heading-title elementor-size-default\">Organizasyonel Faaliyetler<\/h1>\t\t\t\t<\/div>\n\t\t\t\t<\/div>\n\t\t\t\t<\/div>\n\t\t<div class=\"elementor-element elementor-element-464a46b e-flex e-con-boxed e-con e-parent\" data-id=\"464a46b\" data-element_type=\"container\">\n\t\t\t\t\t<div class=\"e-con-inner\">\n\t\t\t\t<div class=\"elementor-element elementor-element-81df1b0 elementor-widget elementor-widget-text-editor\" data-id=\"81df1b0\" data-element_type=\"widget\" data-widget_type=\"text-editor.default\">\n\t\t\t\t<div class=\"elementor-widget-container\">\n\t\t\t\t\t\t\t\t\t<p>2025 Kas\u0131m\u00a0 \u00a0 \u2013\u00a0 <strong>Konak<\/strong><span style=\"font-weight: bold;\">\u00a0Kent Konseyi <\/span><strong>Temsilci\/Delege<\/strong> <i>(\u0130YTE Mezunlar\u0131 Derne\u011fi ba\u015fkan\u0131 olarak)<\/i><\/p><p>2025 \u015eubat\u00a0 \u00a0 \u00a0\u2013\u00a0\u00a0<strong>\u0130zmir Kent Konseyi<\/strong> <b>Y\u00fcr\u00fctme Kurulu 1. Yedek \u00dcyesi <\/b><i>(\u0130YTE Mezunlar\u0131 Derne\u011fi ba\u015fkan\u0131 olarak)<\/i><\/p><p>2024 Haziran \u2013\u00a0 <b>Urla<\/b><span style=\"font-weight: bold;\"> Kent Konseyi <\/span><strong>Temsilci\/Delege<\/strong> <i>(\u0130YTE Mezunlar\u0131 Derne\u011fi ba\u015fkan\u0131 olarak)<\/i><\/p><p><span style=\"font-style: inherit; font-weight: inherit; background-color: var(--ast-global-color-5);\">2023 Haziran \u2013\u00a0\u00a0<\/span><b style=\"font-style: inherit; background-color: var(--ast-global-color-5);\">\u0130zmir Kent Konseyi <\/b><strong>Temsilci\/Delege<\/strong> <i style=\"font-weight: inherit; background-color: var(--ast-global-color-5);\">(\u0130YTE Mezunlar\u0131 Derne\u011fi ba\u015fkan\u0131 olarak)<\/i><\/p><p style=\"text-align: justify;\"><strong>\u0130YTE Mezunlar\u0131 Derne\u011fi<\/strong> olarak, \u00fcniversitemizin \u00f6nemli bir par\u00e7as\u0131 oldu\u011fu <strong>\u0130zmir ve Urla Kent Konseyleri<\/strong>nde sivil toplum kurulu\u015fu rol\u00fc ile destek olmak, \u00e7al\u0131\u015fmalara katk\u0131 sunmak ve \u00f6ncelikle \u0130YTE \u00f6\u011frenci ve mezunlar\u0131 ile t\u00fcm kent payda\u015flar\u0131na fayda sa\u011flanmas\u0131 amac\u0131yla kurumsal temsil ad\u0131na deste\u011fimi s\u00fcrd\u00fcr\u00fcyorum.<\/p><p>2023 Haziran \u2013\u00a0\u00a0<b>\u0130YTE Vakf\u0131 Y\u00f6netim Kurulu \u00dcyesi<\/b><\/p><p>2021 Aral\u0131k\u00a0 \u00a0 \u00a0\u2013\u00a0\u00a0<b>\u0130YTE Vakf\u0131 \u00dcyesi<\/b><\/p><p><strong>\u0130YTE Vakf\u0131<\/strong>\u2019nda \u00fcniversitemiz \u00f6\u011frenci ve mezunlar\u0131 ile kurumun t\u00fcm destek faaliyetlerinde mezunlar derne\u011fi olarak temsilci ve s\u00f6z sahibi olmak, daha \u00f6nemlisi azami destek sa\u011flamak amac\u0131yla rekt\u00f6r\u00fcm\u00fcz Prof. Dr. Yusuf Baran\u2019\u0131n destekleri ile kurumsal olarak rol al\u0131nmas\u0131na \u00f6nayak oldum ve \u00e7al\u0131\u015fmalar\u0131 <strong>\u0130YTEMED<\/strong> ad\u0131na devam ettiriyorum.<\/p><p>2020 \u015eubat\u00a0 \u00a0 \u00a0\u2013\u00a0\u00a0<b>\u0130YTE Mezunlar\u0131 Derne\u011fi Ba\u015fkan\u0131<\/b><\/p><p>2017 \u015eubat\u00a0 \u00a0 \u00a0 \u2013\u00a0 \u00a0<b>\u0130YTE Mezunlar\u0131 Derne\u011fi Y\u00f6netim Kurulu \u00dcyesi<\/b><\/p><p style=\"text-align: justify;\">Mezunlar derne\u011fi s\u00fcrecine \u00f6nceki d\u00f6nem ba\u015fkan\u0131, karde\u015fim olarak ifade etti\u011fim ve g\u00f6rd\u00fc\u011f\u00fcm Aykut Hocao\u011flu ve yard\u0131mc\u0131s\u0131 G\u00f6rkem Teneler\u2019in vas\u0131tas\u0131yla dahil oldum. Derne\u011fin markala\u015fmas\u0131 ve mezunlar aras\u0131nda bilinirli\u011finin artmas\u0131 ad\u0131na y\u00fcr\u00fctt\u00fckleri \u00e7al\u0131\u015fmalar\u0131 dikkatle ve be\u011feni ile takip ederken nas\u0131l katk\u0131 koyabilirim diye kendilerine aktarm\u0131\u015f ve yeni dernek y\u00f6netiminde yer alma tekliflerini mutlulukla kabul etmi\u015ftim.<\/p><p style=\"text-align: justify;\">\u00d6zellikle <b>2017-2020<\/b> d\u00f6neminde dernek \u00fcye say\u0131s\u0131n\u0131n artt\u0131r\u0131lmas\u0131 ve yak\u0131n d\u00f6nem gen\u00e7 mezunlar\u0131n i\u015f ilanlar\u0131na ula\u015fmas\u0131 ad\u0131na koordinat\u00f6rl\u00fc\u011f\u00fcn\u00fc y\u00fcr\u00fctt\u00fc\u011f\u00fcm <b>\u0130YTE Kariyer Ofisi<\/b> arac\u0131l\u0131\u011f\u0131yla etkin bir ileti\u015fim a\u011f\u0131 olu\u015fturduk. 2020 sonras\u0131nda da sivil toplum kurulu\u015fu kimli\u011finin kurumsal olarak \u0130zmir camias\u0131nda kabul\u00fc, sosyal yard\u0131m faaliyetleri ve \u0130YTE y\u00f6netimi ile y\u00fcr\u00fct\u00fclen diyaloglar\u0131n bir \u00fcst basama\u011fa ta\u015f\u0131nmas\u0131 ad\u0131na \u00e7al\u0131\u015f\u0131yoruz.<\/p><p>2019, 2020\u00a0 \u00a0 \u00a0 &#8211;\u00a0 \u00a0<b>Ege Kariyer Fuar\u0131 Y\u00fcr\u00fctme Kurulu \u00dcyesi<\/b> <i>(\u0130YTE ad\u0131na)<\/i><\/p><p>T.C. Cumhurba\u015fkanl\u0131\u011f\u0131 \u0130nsan Kaynaklar\u0131 Ofisince organize edilen ve \u00fcniversitelere b\u00f6lgesel bazda y\u00fcr\u00fct\u00fcc\u00fcl\u00fc\u011f\u00fc verilen b\u00f6lgesel kariyer fuar\u0131 etkinliklerinde \u0130zmir Y\u00fcksek Teknoloji Enstit\u00fcs\u00fc ad\u0131na kurumsal temsili ve faaliyetleri y\u00fcr\u00fctt\u00fcm.<\/p><p>2016 Nisan\u00a0 \u00a0 \u00a0 \u2013\u00a0\u00a0<b>DE\u00dc DAUM Kentsel D\u00f6n\u00fc\u015f\u00fcm-Do\u011fal Afetler Ara\u015ft\u0131rma Grubu \u00dcyesi<\/b><\/p><p style=\"text-align: justify;\">Dokuz Eyl\u00fcl \u00dcniversitesi Fen Bilimleri Enstit\u00fcs\u00fc Deprem Y\u00f6netimi y\u00fcksek lisans program\u0131nda e\u011fitimi g\u00f6rd\u00fc\u011f\u00fcm s\u00fcre\u00e7te, tez dan\u0131\u015fman\u0131m s\u0131fat\u0131 ile kendisini tan\u0131d\u0131\u011f\u0131m ve o d\u00f6nem <b>Deprem Ara\u015ft\u0131rma\u00a0 ve Uygulama Merkezi<\/b>\u2019nin m\u00fcd\u00fcrl\u00fc\u011f\u00fc g\u00f6revini y\u00fcr\u00fcten hocam Prof. Dr. Hasan S\u00f6zbilir\u2019in y\u00f6nlendirmesi ile ilgi alan\u0131m gere\u011fi gruba dahil oldum ve deprem-kent planlamas\u0131-afet ba\u015fl\u0131klar\u0131nda katk\u0131 koymaya devam ediyorum.<\/p><p>2005-2007\u00a0 \u00a0 \u00a0 &#8211;\u00a0 \u00a0<b>\u0130zmir Kent Konseyi &amp; Konak Kent Konseyi Tabii \u00dcye\u00a0\u00a0<\/b><i>(\u00f6\u011frenci temsilcisi olarak)<\/i><\/p><p class=\"MsoNormal\" style=\"text-align: justify;\">\u00dcniversitede, \u00f6\u011frenci temsilcili\u011fim d\u00f6neminde Yerel G\u00fcndem 21 \u00e7al\u0131\u015fmalar\u0131 sonras\u0131nda il\u00e7e ve ilde yeni kurulan kent konseylerinin gen\u00e7lik meclislerinde \u00fcniversitemizin ve gen\u00e7 karde\u015flerimin; sorunlar\u0131n\u0131, taleplerini, kente ve gen\u00e7li\u011fe dair d\u00fc\u015f\u00fcnceleri aktarmak ve e\u015fg\u00fcd\u00fcm i\u00e7erisinde bir \u00e7al\u0131\u015fma i\u00e7erisinde yer alabilmenin ilk ad\u0131mlar\u0131 bu sayede atma f\u0131rsat\u0131 yakalad\u0131m.<\/p>\t\t\t\t\t\t\t\t<\/div>\n\t\t\t\t<\/div>\n\t\t\t\t\t<\/div>\n\t\t\t\t<\/div>\n\t\t\t\t<\/div>\n\t\t","protected":false},"excerpt":{"rendered":"<p>Organizasyonel Faaliyetler 2025 Kas\u0131m\u00a0 \u00a0 \u2013\u00a0 Konak\u00a0Kent Konseyi Temsilci\/Delege (\u0130YTE Mezunlar\u0131 Derne\u011fi ba\u015fkan\u0131 olarak) 2025 \u015eubat\u00a0 \u00a0 \u00a0\u2013\u00a0\u00a0\u0130zmir Kent Konseyi [&hellip;]<\/p>\n","protected":false},"author":1,"featured_media":0,"parent":0,"menu_order":0,"comment_status":"closed","ping_status":"closed","template":"","meta":{"site-sidebar-layout":"no-sidebar","site-content-layout":"","ast-site-content-layout":"full-width-container","site-content-style":"default","site-sidebar-style":"default","ast-global-header-display":"","ast-banner-title-visibility":"","ast-main-header-display":"","ast-hfb-above-header-display":"","ast-hfb-below-header-display":"","ast-hfb-mobile-header-display":"","site-post-title":"disabled","ast-breadcrumbs-content":"","ast-featured-img":"disabled","footer-sml-layout":"","ast-disable-related-posts":"","theme-transparent-header-meta":"","adv-header-id-meta":"","stick-header-meta":"","header-above-stick-meta":"","header-main-stick-meta":"","header-below-stick-meta":"","astra-migrate-meta-layouts":"default","ast-page-background-enabled":"default","ast-page-background-meta":{"desktop":{"background-color":"var(--ast-global-color-4)","background-image":"","background-repeat":"repeat","background-position":"center center","background-size":"auto","background-attachment":"scroll","background-type":"","background-media":"","overlay-type":"","overlay-color":"","overlay-opacity":"","overlay-gradient":""},"tablet":{"background-color":"","background-image":"","background-repeat":"repeat","background-position":"center center","background-size":"auto","background-attachment":"scroll","background-type":"","background-media":"","overlay-type":"","overlay-color":"","overlay-opacity":"","overlay-gradient":""},"mobile":{"background-color":"","background-image":"","background-repeat":"repeat","background-position":"center center","background-size":"auto","background-attachment":"scroll","background-type":"","background-media":"","overlay-type":"","overlay-color":"","overlay-opacity":"","overlay-gradient":""}},"ast-content-background-meta":{"desktop":{"background-color":"var(--ast-global-color-5)","background-image":"","background-repeat":"repeat","background-position":"center center","background-size":"auto","background-attachment":"scroll","background-type":"","background-media":"","overlay-type":"","overlay-color":"","overlay-opacity":"","overlay-gradient":""},"tablet":{"background-color":"var(--ast-global-color-5)","background-image":"","background-repeat":"repeat","background-position":"center center","background-size":"auto","background-attachment":"scroll","background-type":"","background-media":"","overlay-type":"","overlay-color":"","overlay-opacity":"","overlay-gradient":""},"mobile":{"background-color":"var(--ast-global-color-5)","background-image":"","background-repeat":"repeat","background-position":"center center","background-size":"auto","background-attachment":"scroll","background-type":"","background-media":"","overlay-type":"","overlay-color":"","overlay-opacity":"","overlay-gradient":""}},"footnotes":""},"_links":{"self":[{"href":"https:\/\/www.gurhanozsamanci.com.tr\/index.php?rest_route=\/wp\/v2\/pages\/879"}],"collection":[{"href":"https:\/\/www.gurhanozsamanci.com.tr\/index.php?rest_route=\/wp\/v2\/pages"}],"about":[{"href":"https:\/\/www.gurhanozsamanci.com.tr\/index.php?rest_route=\/wp\/v2\/types\/page"}],"author":[{"embeddable":true,"href":"https:\/\/www.gurhanozsamanci.com.tr\/index.php?rest_route=\/wp\/v2\/users\/1"}],"replies":[{"embeddable":true,"href":"https:\/\/www.gurhanozsamanci.com.tr\/index.php?rest_route=%2Fwp%2Fv2%2Fcomments&post=879"}],"version-history":[{"count":37,"href":"https:\/\/www.gurhanozsamanci.com.tr\/index.php?rest_route=\/wp\/v2\/pages\/879\/revisions"}],"predecessor-version":[{"id":2417,"href":"https:\/\/www.gurhanozsamanci.com.tr\/index.php?rest_route=\/wp\/v2\/pages\/879\/revisions\/2417"}],"wp:attachment":[{"href":"https:\/\/www.gurhanozsamanci.com.tr\/index.php?rest_route=%2Fwp%2Fv2%2Fmedia&parent=879"}],"curies":[{"name":"wp","href":"https:\/\/api.w.org\/{rel}","templated":true}]}}