{"id":885,"date":"2024-05-16T06:20:19","date_gmt":"2024-05-16T06:20:19","guid":{"rendered":"http:\/\/www.gurhanozsamanci.com.tr\/?page_id=885"},"modified":"2025-03-15T20:57:55","modified_gmt":"2025-03-15T20:57:55","slug":"bireysel-faaliyetler","status":"publish","type":"page","link":"https:\/\/www.gurhanozsamanci.com.tr\/?page_id=885","title":{"rendered":"Bireysel Faaliyetler"},"content":{"rendered":"\t\t<div data-elementor-type=\"wp-page\" data-elementor-id=\"885\" class=\"elementor elementor-885\">\n\t\t\t\t<div class=\"elementor-element elementor-element-7f6c67b e-con-full e-flex e-con e-parent\" data-id=\"7f6c67b\" data-element_type=\"container\">\n\t\t\t\t<div class=\"elementor-element elementor-element-64cc1e7 elementor-widget elementor-widget-image\" data-id=\"64cc1e7\" data-element_type=\"widget\" data-widget_type=\"image.default\">\n\t\t\t\t<div class=\"elementor-widget-container\">\n\t\t\t\t\t\t\t\t\t\t\t\t\t\t\t<img fetchpriority=\"high\" decoding=\"async\" width=\"777\" height=\"518\" src=\"https:\/\/www.gurhanozsamanci.com.tr\/wp-content\/uploads\/2023\/12\/042.jpg\" class=\"attachment-large size-large wp-image-19\" alt=\"\" srcset=\"https:\/\/www.gurhanozsamanci.com.tr\/wp-content\/uploads\/2023\/12\/042.jpg 777w, https:\/\/www.gurhanozsamanci.com.tr\/wp-content\/uploads\/2023\/12\/042-300x200.jpg 300w, https:\/\/www.gurhanozsamanci.com.tr\/wp-content\/uploads\/2023\/12\/042-768x512.jpg 768w\" sizes=\"(max-width: 777px) 100vw, 777px\" \/>\t\t\t\t\t\t\t\t\t\t\t\t\t\t\t<\/div>\n\t\t\t\t<\/div>\n\t\t\t\t<div class=\"elementor-element elementor-element-9cf1042 elementor-widget elementor-widget-heading\" data-id=\"9cf1042\" data-element_type=\"widget\" data-widget_type=\"heading.default\">\n\t\t\t\t<div class=\"elementor-widget-container\">\n\t\t\t\t\t<h1 class=\"elementor-heading-title elementor-size-default\">Bireysel Faaliyetler<\/h1>\t\t\t\t<\/div>\n\t\t\t\t<\/div>\n\t\t\t\t<\/div>\n\t\t<div class=\"elementor-element elementor-element-464a46b e-flex e-con-boxed e-con e-parent\" data-id=\"464a46b\" data-element_type=\"container\">\n\t\t\t\t\t<div class=\"e-con-inner\">\n\t\t\t\t<div class=\"elementor-element elementor-element-81df1b0 elementor-widget elementor-widget-text-editor\" data-id=\"81df1b0\" data-element_type=\"widget\" data-widget_type=\"text-editor.default\">\n\t\t\t\t<div class=\"elementor-widget-container\">\n\t\t\t\t\t\t\t\t\t<p>2025 Ocak-&nbsp; &nbsp; &nbsp; &nbsp; <b>\u0130YTE Polimer Bilimi ve M\u00fchendisli\u011fi A.B.D Dan\u0131\u015fma Kurulu \u00dcyeli\u011fi<\/b><\/p>\n<p>2024 A\u011fustos&nbsp; &nbsp; &nbsp;<b>WATER4ALL Doktora Program\u0131 (\u0130YTE) M\u00fclakat J\u00fcri \u00dcyeli\u011fi \/ Hakemli\u011fi<\/b><\/p>\n<p>2024 \u015eubat&nbsp; &nbsp; &nbsp; &nbsp; &nbsp;<b>BIOTIN Doktora Program\u0131 (\u0130YTE) M\u00fclakat J\u00fcri \u00dcyeli\u011fi \/ Hakemli\u011fi<\/b><\/p>\n<p>2023 Haziran&nbsp; &nbsp; &nbsp;<strong>BIOTIN Doktora Program\u0131 (\u0130YTE) M\u00fclakat J\u00fcri \u00dcyeli\u011fi \/ Hakemli\u011fi<\/strong><\/p>\n<p>\u0130YTE Biyom\u00fchendislik ABD. b\u00fcnyesinde disiplinleraras\u0131 \u00f6\u011frenci kabul\u00fc ile e\u011fitim faaliyetini s\u00fcrd\u00fcren ve AB taraf\u0131ndan fonlanan doktora program\u0131 kabul m\u00fclakatlar\u0131nda kurum d\u0131\u015f\u0131 uzman j\u00fcri \u00fcyesi-kariyer ve insan kaynaklar\u0131 alan\u0131nda- olarak g\u00f6rev almaktay\u0131m.<\/p>\n<p>2023 A\u011fustos &#8211;&nbsp; &nbsp;<b>T\u00fcrk Fizik Derne\u011fi \u00dcyeli\u011fi<\/b><\/p><p>2023 A\u011fustos &#8211;&nbsp; &nbsp;<b>Atat\u00fcrk\u00e7\u00fc D\u00fc\u015f\u00fcnce Derne\u011fi Konak \u015eubesi \u00dcyeli\u011fi<\/b><\/p>\n<p>2023 Ocak &#8211;&nbsp; &nbsp; &nbsp; &nbsp;&nbsp;<strong>Eski H\u00fck\u00fcml\u00fcler Derne\u011fi G\u00f6n\u00fcll\u00fc Kariyer Dan\u0131\u015fmanl\u0131\u011f\u0131<\/strong><\/p>\n<p>Eski h\u00fck\u00fcml\u00fclerin sosyal adaptasyonun en \u00f6nemli a\u015famas\u0131 olan i\u015fg\u00fcc\u00fcne dahil olmalar\u0131 ve s\u00fcrd\u00fcr\u00fclebilir \u00e7al\u0131\u015fma hayat\u0131na uyum sa\u011flamalar\u0131 ad\u0131na g\u00f6n\u00fcll\u00fc olarak dan\u0131\u015fmanl\u0131k deste\u011fi sa\u011flamaktay\u0131m.<\/p>\n<p>2022 Ekim-&nbsp; &nbsp; &nbsp; &nbsp; &nbsp;<strong>L\u00d6SEV G\u00f6n\u00fcll\u00fc E\u011fitmeni<\/strong><\/p>\n<p>Ba\u011f\u0131\u015f\u00e7\u0131 s\u0131fat\u0131 le maddi destekte bulundu\u011fumuz <strong>L\u00d6SEV\u2019<\/strong>in tedavi s\u00fcrecine olumlu yan\u0131t vermi\u015f ve bu s\u00fcrede e\u011fitim imk\u00e2nlar\u0131ndan faydalanamayan ilk ve orta \u00f6\u011fretim d\u00fczeyindeki \u00e7ocuklar\u0131n okul m\u00fcfredat\u0131na ba\u011fl\u0131 kalarak hafta sonlar\u0131, kurumca belirlenen okul ve dersliklerde fen ve matematik alan\u0131nda g\u00f6n\u00fcll\u00fc olarak ders vermekteyim.<\/p>\n<p>2019-2020&nbsp; &nbsp; &nbsp; &nbsp; &nbsp; &nbsp;<strong>\u00d6zel Ege Lisesi T\u00dcB\u0130TAK<\/strong><strong style=\"font-style: inherit; background-color: var(--ast-global-color-5);\">&nbsp;Proje Dan\u0131\u015fmanl\u0131\u011f\u0131<\/strong><\/p>\n<p>Lise \u00f6\u011frencilerinin, <strong>T\u00dcB\u0130TAK<\/strong> Projeleri kapsam\u0131nda &#8220;deprem ve \u015fehircilik\u201d ana temalar\u0131nda \u00e7al\u0131\u015fmalar\u0131, ba\u015fvurular\u0131 ve y\u00f6nlendirmeleri ad\u0131na dan\u0131\u015fmanl\u0131k yapt\u0131m.<\/p>\n<p>2018 May\u0131s-&nbsp; &nbsp; &nbsp; &nbsp;&nbsp;<strong>Temel \u0130lkyard\u0131mc\u0131<\/strong><\/p>\n<p>2016 Mart-&nbsp; &nbsp; &nbsp; &nbsp; &nbsp; <strong>T\u00fcrkiye Deprem M\u00fchendisli\u011fi Derne\u011fi \u00dcyeli\u011fi<\/strong><\/p>\n<p>2014 Ocak-&nbsp; &nbsp; &nbsp; &nbsp; &nbsp;&nbsp;<strong>C S\u0131n\u0131f\u0131 \u0130\u015f G\u00fcvenli\u011fi Uzman\u0131<\/strong><\/p>\n<p>2012 Mart-&nbsp; &nbsp; &nbsp; &nbsp; &nbsp; <strong>\u0130YTE Mezunlar\u0131 Derne\u011fi \u00dcyeli\u011fi<\/strong><\/p>\n<p>2007 Eyl\u00fcl-&nbsp; &nbsp; &nbsp; &nbsp; &nbsp;<strong>\u00d6\u011frenci Ment\u00f6rl\u00fc\u011f\u00fc<\/strong><\/p>\n<p>\u00dcniversite \u00f6\u011frencili\u011fimin ba\u015flamanda sonra fen-matematik ve yabanc\u0131 dilde ders verdi\u011fim t\u00fcm \u00f6\u011frencilere ki\u015fisel geli\u015fimi, alan ve meslek se\u00e7imi konular\u0131nda rehberlik yapmaktay\u0131m.<\/p>\t\t\t\t\t\t\t\t<\/div>\n\t\t\t\t<\/div>\n\t\t\t\t\t<\/div>\n\t\t\t\t<\/div>\n\t\t\t\t<\/div>\n\t\t","protected":false},"excerpt":{"rendered":"<p>Bireysel Faaliyetler 2025 Ocak-&nbsp; &nbsp; &nbsp; &nbsp; \u0130YTE Polimer Bilimi ve M\u00fchendisli\u011fi A.B.D Dan\u0131\u015fma Kurulu \u00dcyeli\u011fi 2024 A\u011fustos&nbsp; &nbsp; &nbsp;WATER4ALL [&hellip;]<\/p>\n","protected":false},"author":1,"featured_media":0,"parent":0,"menu_order":0,"comment_status":"closed","ping_status":"closed","template":"","meta":{"site-sidebar-layout":"no-sidebar","site-content-layout":"","ast-site-content-layout":"full-width-container","site-content-style":"default","site-sidebar-style":"default","ast-global-header-display":"","ast-banner-title-visibility":"","ast-main-header-display":"","ast-hfb-above-header-display":"","ast-hfb-below-header-display":"","ast-hfb-mobile-header-display":"","site-post-title":"disabled","ast-breadcrumbs-content":"","ast-featured-img":"disabled","footer-sml-layout":"","ast-disable-related-posts":"","theme-transparent-header-meta":"","adv-header-id-meta":"","stick-header-meta":"","header-above-stick-meta":"","header-main-stick-meta":"","header-below-stick-meta":"","astra-migrate-meta-layouts":"default","ast-page-background-enabled":"default","ast-page-background-meta":{"desktop":{"background-color":"var(--ast-global-color-4)","background-image":"","background-repeat":"repeat","background-position":"center center","background-size":"auto","background-attachment":"scroll","background-type":"","background-media":"","overlay-type":"","overlay-color":"","overlay-opacity":"","overlay-gradient":""},"tablet":{"background-color":"","background-image":"","background-repeat":"repeat","background-position":"center center","background-size":"auto","background-attachment":"scroll","background-type":"","background-media":"","overlay-type":"","overlay-color":"","overlay-opacity":"","overlay-gradient":""},"mobile":{"background-color":"","background-image":"","background-repeat":"repeat","background-position":"center center","background-size":"auto","background-attachment":"scroll","background-type":"","background-media":"","overlay-type":"","overlay-color":"","overlay-opacity":"","overlay-gradient":""}},"ast-content-background-meta":{"desktop":{"background-color":"var(--ast-global-color-5)","background-image":"","background-repeat":"repeat","background-position":"center center","background-size":"auto","background-attachment":"scroll","background-type":"","background-media":"","overlay-type":"","overlay-color":"","overlay-opacity":"","overlay-gradient":""},"tablet":{"background-color":"var(--ast-global-color-5)","background-image":"","background-repeat":"repeat","background-position":"center center","background-size":"auto","background-attachment":"scroll","background-type":"","background-media":"","overlay-type":"","overlay-color":"","overlay-opacity":"","overlay-gradient":""},"mobile":{"background-color":"var(--ast-global-color-5)","background-image":"","background-repeat":"repeat","background-position":"center center","background-size":"auto","background-attachment":"scroll","background-type":"","background-media":"","overlay-type":"","overlay-color":"","overlay-opacity":"","overlay-gradient":""}},"footnotes":""},"_links":{"self":[{"href":"https:\/\/www.gurhanozsamanci.com.tr\/index.php?rest_route=\/wp\/v2\/pages\/885"}],"collection":[{"href":"https:\/\/www.gurhanozsamanci.com.tr\/index.php?rest_route=\/wp\/v2\/pages"}],"about":[{"href":"https:\/\/www.gurhanozsamanci.com.tr\/index.php?rest_route=\/wp\/v2\/types\/page"}],"author":[{"embeddable":true,"href":"https:\/\/www.gurhanozsamanci.com.tr\/index.php?rest_route=\/wp\/v2\/users\/1"}],"replies":[{"embeddable":true,"href":"https:\/\/www.gurhanozsamanci.com.tr\/index.php?rest_route=%2Fwp%2Fv2%2Fcomments&post=885"}],"version-history":[{"count":49,"href":"https:\/\/www.gurhanozsamanci.com.tr\/index.php?rest_route=\/wp\/v2\/pages\/885\/revisions"}],"predecessor-version":[{"id":2377,"href":"https:\/\/www.gurhanozsamanci.com.tr\/index.php?rest_route=\/wp\/v2\/pages\/885\/revisions\/2377"}],"wp:attachment":[{"href":"https:\/\/www.gurhanozsamanci.com.tr\/index.php?rest_route=%2Fwp%2Fv2%2Fmedia&parent=885"}],"curies":[{"name":"wp","href":"https:\/\/api.w.org\/{rel}","templated":true}]}}