{"id":907,"date":"2024-05-16T06:39:48","date_gmt":"2024-05-16T06:39:48","guid":{"rendered":"http:\/\/www.gurhanozsamanci.com.tr\/?page_id=907"},"modified":"2024-07-12T22:28:04","modified_gmt":"2024-07-12T22:28:04","slug":"yuksek-lisans-tez-calismalari","status":"publish","type":"page","link":"https:\/\/www.gurhanozsamanci.com.tr\/?page_id=907","title":{"rendered":"Y\u00fcksek Lisans Tez \u00c7al\u0131\u015fmalar\u0131"},"content":{"rendered":"\t\t<div data-elementor-type=\"wp-page\" data-elementor-id=\"907\" class=\"elementor elementor-907\">\n\t\t\t\t<div class=\"elementor-element elementor-element-7f6c67b e-con-full e-flex e-con e-parent\" data-id=\"7f6c67b\" data-element_type=\"container\">\n\t\t\t\t<div class=\"elementor-element elementor-element-64cc1e7 elementor-widget elementor-widget-image\" data-id=\"64cc1e7\" data-element_type=\"widget\" data-widget_type=\"image.default\">\n\t\t\t\t<div class=\"elementor-widget-container\">\n\t\t\t\t\t\t\t\t\t\t\t\t\t\t\t<img fetchpriority=\"high\" decoding=\"async\" width=\"777\" height=\"518\" src=\"https:\/\/www.gurhanozsamanci.com.tr\/wp-content\/uploads\/2023\/12\/042.jpg\" class=\"attachment-large size-large wp-image-19\" alt=\"\" srcset=\"https:\/\/www.gurhanozsamanci.com.tr\/wp-content\/uploads\/2023\/12\/042.jpg 777w, https:\/\/www.gurhanozsamanci.com.tr\/wp-content\/uploads\/2023\/12\/042-300x200.jpg 300w, https:\/\/www.gurhanozsamanci.com.tr\/wp-content\/uploads\/2023\/12\/042-768x512.jpg 768w\" sizes=\"(max-width: 777px) 100vw, 777px\" \/>\t\t\t\t\t\t\t\t\t\t\t\t\t\t\t<\/div>\n\t\t\t\t<\/div>\n\t\t\t\t<div class=\"elementor-element elementor-element-9cf1042 elementor-widget elementor-widget-heading\" data-id=\"9cf1042\" data-element_type=\"widget\" data-widget_type=\"heading.default\">\n\t\t\t\t<div class=\"elementor-widget-container\">\n\t\t\t\t\t<h1 class=\"elementor-heading-title elementor-size-default\">Y\u00fcksek Lisans Tez \u00c7al\u0131\u015fmalar\u0131<\/h1>\t\t\t\t<\/div>\n\t\t\t\t<\/div>\n\t\t\t\t<\/div>\n\t\t<div class=\"elementor-element elementor-element-464a46b e-flex e-con-boxed e-con e-parent\" data-id=\"464a46b\" data-element_type=\"container\">\n\t\t\t\t\t<div class=\"e-con-inner\">\n\t\t\t\t<div class=\"elementor-element elementor-element-81df1b0 elementor-widget elementor-widget-text-editor\" data-id=\"81df1b0\" data-element_type=\"widget\" data-widget_type=\"text-editor.default\">\n\t\t\t\t<div class=\"elementor-widget-container\">\n\t\t\t\t\t\t\t\t\t<p style=\"text-align: justify;\"><b>Y\u00fcksek Lisans \u00c7al\u0131\u015fmalar\u0131<\/b><\/p><p><b>2013-2015 D\u00f6nemi<\/b><\/p><p style=\"text-align: justify;\">* Akdeniz, \u0130smet Kaptan ve K\u00fclt\u00fcr Mahallelerinin trafik analiz \u00e7al\u0131\u015fmas\u0131 yap\u0131lm\u0131\u015ft\u0131r. \u00c7al\u0131\u015fma s\u00fcresince trafik say\u0131mlar\u0131, toplu ula\u015f\u0131m a\u011f\u0131 ve uygulamalar\u0131, yaya ve bisiklet yollar\u0131 incelenmi\u015f; mevcut ana cadde, bulvar, sokak kullan\u0131mlar\u0131na alternatifler ve \u00e7\u00f6z\u00fcmler \u00fcretilmi\u015ftir.<\/p><p style=\"text-align: justify;\">* Bal\u00e7ova Kahveler Kav\u015fa\u011f\u0131 ile DE\u00dc Hastane Kav\u015fa\u011f\u0131 trafik say\u0131m\u0131 ve et\u00fcd\u00fc, sinyalizasyon\/ye\u015fil dalga \u00e7al\u0131\u015fmas\u0131 haz\u0131rlanm\u0131\u015ft\u0131r. Trafik say\u0131mlar\u0131 sabah-\u00f6\u011fle-ak\u015fam olmak \u00fczere t\u00fcm zaman periyotlar\u0131nda ve kav\u015fak noktalar\u0131ndaki t\u00fcm trafik fazlar\u0131 i\u00e7in ger\u00e7ekle\u015ftirilmi\u015ftir.<\/p><p><strong>Tez Ad\u0131:<\/strong> Olas\u0131 Afetlerin Ula\u015f\u0131m A\u011f\u0131 \u00dczerine Etkileri, \u0130zmir \u00d6rne\u011fi.\u00a0\u00a0<strong><a href=\"https:\/\/tez.yok.gov.tr\/UlusalTezMerkezi\/tezSorguSonucYeni.jsp\" target=\"_blank\" rel=\"noopener\">Tez Dosyas\u0131 \u0130ndir<\/a><\/strong><\/p>\t\t\t\t\t\t\t\t<\/div>\n\t\t\t\t<\/div>\n\t\t\t\t\t<\/div>\n\t\t\t\t<\/div>\n\t\t\t\t<\/div>\n\t\t","protected":false},"excerpt":{"rendered":"<p>Y\u00fcksek Lisans Tez \u00c7al\u0131\u015fmalar\u0131 Y\u00fcksek Lisans \u00c7al\u0131\u015fmalar\u0131 2013-2015 D\u00f6nemi * Akdeniz, \u0130smet Kaptan ve K\u00fclt\u00fcr Mahallelerinin trafik analiz \u00e7al\u0131\u015fmas\u0131 yap\u0131lm\u0131\u015ft\u0131r. [&hellip;]<\/p>\n","protected":false},"author":1,"featured_media":0,"parent":0,"menu_order":0,"comment_status":"closed","ping_status":"closed","template":"","meta":{"site-sidebar-layout":"no-sidebar","site-content-layout":"","ast-site-content-layout":"full-width-container","site-content-style":"default","site-sidebar-style":"default","ast-global-header-display":"","ast-banner-title-visibility":"","ast-main-header-display":"","ast-hfb-above-header-display":"","ast-hfb-below-header-display":"","ast-hfb-mobile-header-display":"","site-post-title":"disabled","ast-breadcrumbs-content":"","ast-featured-img":"disabled","footer-sml-layout":"","ast-disable-related-posts":"","theme-transparent-header-meta":"","adv-header-id-meta":"","stick-header-meta":"","header-above-stick-meta":"","header-main-stick-meta":"","header-below-stick-meta":"","astra-migrate-meta-layouts":"default","ast-page-background-enabled":"default","ast-page-background-meta":{"desktop":{"background-color":"var(--ast-global-color-4)","background-image":"","background-repeat":"repeat","background-position":"center center","background-size":"auto","background-attachment":"scroll","background-type":"","background-media":"","overlay-type":"","overlay-color":"","overlay-opacity":"","overlay-gradient":""},"tablet":{"background-color":"","background-image":"","background-repeat":"repeat","background-position":"center center","background-size":"auto","background-attachment":"scroll","background-type":"","background-media":"","overlay-type":"","overlay-color":"","overlay-opacity":"","overlay-gradient":""},"mobile":{"background-color":"","background-image":"","background-repeat":"repeat","background-position":"center center","background-size":"auto","background-attachment":"scroll","background-type":"","background-media":"","overlay-type":"","overlay-color":"","overlay-opacity":"","overlay-gradient":""}},"ast-content-background-meta":{"desktop":{"background-color":"var(--ast-global-color-5)","background-image":"","background-repeat":"repeat","background-position":"center center","background-size":"auto","background-attachment":"scroll","background-type":"","background-media":"","overlay-type":"","overlay-color":"","overlay-opacity":"","overlay-gradient":""},"tablet":{"background-color":"var(--ast-global-color-5)","background-image":"","background-repeat":"repeat","background-position":"center center","background-size":"auto","background-attachment":"scroll","background-type":"","background-media":"","overlay-type":"","overlay-color":"","overlay-opacity":"","overlay-gradient":""},"mobile":{"background-color":"var(--ast-global-color-5)","background-image":"","background-repeat":"repeat","background-position":"center center","background-size":"auto","background-attachment":"scroll","background-type":"","background-media":"","overlay-type":"","overlay-color":"","overlay-opacity":"","overlay-gradient":""}},"footnotes":""},"_links":{"self":[{"href":"https:\/\/www.gurhanozsamanci.com.tr\/index.php?rest_route=\/wp\/v2\/pages\/907"}],"collection":[{"href":"https:\/\/www.gurhanozsamanci.com.tr\/index.php?rest_route=\/wp\/v2\/pages"}],"about":[{"href":"https:\/\/www.gurhanozsamanci.com.tr\/index.php?rest_route=\/wp\/v2\/types\/page"}],"author":[{"embeddable":true,"href":"https:\/\/www.gurhanozsamanci.com.tr\/index.php?rest_route=\/wp\/v2\/users\/1"}],"replies":[{"embeddable":true,"href":"https:\/\/www.gurhanozsamanci.com.tr\/index.php?rest_route=%2Fwp%2Fv2%2Fcomments&post=907"}],"version-history":[{"count":31,"href":"https:\/\/www.gurhanozsamanci.com.tr\/index.php?rest_route=\/wp\/v2\/pages\/907\/revisions"}],"predecessor-version":[{"id":1870,"href":"https:\/\/www.gurhanozsamanci.com.tr\/index.php?rest_route=\/wp\/v2\/pages\/907\/revisions\/1870"}],"wp:attachment":[{"href":"https:\/\/www.gurhanozsamanci.com.tr\/index.php?rest_route=%2Fwp%2Fv2%2Fmedia&parent=907"}],"curies":[{"name":"wp","href":"https:\/\/api.w.org\/{rel}","templated":true}]}}