{"id":913,"date":"2024-05-16T06:41:43","date_gmt":"2024-05-16T06:41:43","guid":{"rendered":"http:\/\/www.gurhanozsamanci.com.tr\/?page_id=913"},"modified":"2024-07-28T11:18:37","modified_gmt":"2024-07-28T11:18:37","slug":"kitaplar","status":"publish","type":"page","link":"https:\/\/www.gurhanozsamanci.com.tr\/?page_id=913","title":{"rendered":"Kitaplar"},"content":{"rendered":"\t\t<div data-elementor-type=\"wp-page\" data-elementor-id=\"913\" class=\"elementor elementor-913\">\n\t\t\t\t<div class=\"elementor-element elementor-element-7f6c67b e-con-full e-flex e-con e-parent\" data-id=\"7f6c67b\" data-element_type=\"container\">\n\t\t\t\t<div class=\"elementor-element elementor-element-64cc1e7 elementor-widget elementor-widget-image\" data-id=\"64cc1e7\" data-element_type=\"widget\" data-widget_type=\"image.default\">\n\t\t\t\t<div class=\"elementor-widget-container\">\n\t\t\t\t\t\t\t\t\t\t\t\t\t\t\t<img fetchpriority=\"high\" decoding=\"async\" width=\"777\" height=\"518\" src=\"https:\/\/www.gurhanozsamanci.com.tr\/wp-content\/uploads\/2023\/12\/042.jpg\" class=\"attachment-large size-large wp-image-19\" alt=\"\" srcset=\"https:\/\/www.gurhanozsamanci.com.tr\/wp-content\/uploads\/2023\/12\/042.jpg 777w, https:\/\/www.gurhanozsamanci.com.tr\/wp-content\/uploads\/2023\/12\/042-300x200.jpg 300w, https:\/\/www.gurhanozsamanci.com.tr\/wp-content\/uploads\/2023\/12\/042-768x512.jpg 768w\" sizes=\"(max-width: 777px) 100vw, 777px\" \/>\t\t\t\t\t\t\t\t\t\t\t\t\t\t\t<\/div>\n\t\t\t\t<\/div>\n\t\t\t\t<div class=\"elementor-element elementor-element-9cf1042 elementor-widget elementor-widget-heading\" data-id=\"9cf1042\" data-element_type=\"widget\" data-widget_type=\"heading.default\">\n\t\t\t\t<div class=\"elementor-widget-container\">\n\t\t\t\t\t<h1 class=\"elementor-heading-title elementor-size-default\">Kitaplar<\/h1>\t\t\t\t<\/div>\n\t\t\t\t<\/div>\n\t\t\t\t<\/div>\n\t\t<div class=\"elementor-element elementor-element-706fdec e-flex e-con-boxed e-con e-parent\" data-id=\"706fdec\" data-element_type=\"container\">\n\t\t\t\t\t<div class=\"e-con-inner\">\n\t\t<div class=\"elementor-element elementor-element-6985809 e-con-full e-flex e-con e-child\" data-id=\"6985809\" data-element_type=\"container\">\n\t\t\t\t<div class=\"elementor-element elementor-element-0ef536a elementor-widget elementor-widget-text-editor\" data-id=\"0ef536a\" data-element_type=\"widget\" data-widget_type=\"text-editor.default\">\n\t\t\t\t<div class=\"elementor-widget-container\">\n\t\t\t\t\t\t\t\t\t<p>\u00dc\u00e7 kitab\u0131m\u0131n ilk ikisi <strong>27 Eyl\u00fcl 2019\u2019<\/strong>da ve \u00fc\u00e7\u00fcnc\u00fcs\u00fc ise <strong>21 \u015eubat 2020<\/strong> tarihinde bas\u0131lm\u0131\u015ft\u0131r.&nbsp;<\/p>\n<p>Her kitap 100 sayfad\u0131r ve toplam <strong>171<\/strong> \u015fiir yer almaktad\u0131r.<\/p>\n<p>Hali haz\u0131rda \u00e7al\u0131\u015famalar\u0131 devam eden iki kitap \u00e7al\u0131\u015fmam bulunmaktad\u0131r.<\/p>\t\t\t\t\t\t\t\t<\/div>\n\t\t\t\t<\/div>\n\t\t\t\t<\/div>\n\t\t<div class=\"elementor-element elementor-element-dd4c6d8 e-con-full e-flex e-con e-child\" data-id=\"dd4c6d8\" data-element_type=\"container\">\n\t\t\t\t<div class=\"elementor-element elementor-element-142341f elementor-widget elementor-widget-image\" data-id=\"142341f\" data-element_type=\"widget\" data-widget_type=\"image.default\">\n\t\t\t\t<div class=\"elementor-widget-container\">\n\t\t\t\t\t\t\t\t\t\t\t\t<figure class=\"wp-caption\">\n\t\t\t\t\t\t\t\t\t\t<img decoding=\"async\" width=\"300\" height=\"224\" src=\"https:\/\/www.gurhanozsamanci.com.tr\/wp-content\/uploads\/2024\/06\/WhatsApp-Gorsel-2024-06-20-saat-19.24.25_688dd307-300x224.jpg\" class=\"attachment-medium size-medium wp-image-1426\" alt=\"\" srcset=\"https:\/\/www.gurhanozsamanci.com.tr\/wp-content\/uploads\/2024\/06\/WhatsApp-Gorsel-2024-06-20-saat-19.24.25_688dd307-300x224.jpg 300w, https:\/\/www.gurhanozsamanci.com.tr\/wp-content\/uploads\/2024\/06\/WhatsApp-Gorsel-2024-06-20-saat-19.24.25_688dd307-1024x765.jpg 1024w, https:\/\/www.gurhanozsamanci.com.tr\/wp-content\/uploads\/2024\/06\/WhatsApp-Gorsel-2024-06-20-saat-19.24.25_688dd307-768x574.jpg 768w, https:\/\/www.gurhanozsamanci.com.tr\/wp-content\/uploads\/2024\/06\/WhatsApp-Gorsel-2024-06-20-saat-19.24.25_688dd307.jpg 1079w\" sizes=\"(max-width: 300px) 100vw, 300px\" \/>\t\t\t\t\t\t\t\t\t\t\t<figcaption class=\"widget-image-caption wp-caption-text\">Bir Oda Bir Adam Bir A\u015fk &amp; K\u00fclkedisi \n<\/figcaption>\n\t\t\t\t\t\t\t\t\t\t<\/figure>\n\t\t\t\t\t\t\t\t\t<\/div>\n\t\t\t\t<\/div>\n\t\t\t\t<\/div>\n\t\t<div class=\"elementor-element elementor-element-c88c6f0 e-con-full e-flex e-con e-child\" data-id=\"c88c6f0\" data-element_type=\"container\">\n\t\t\t\t<div class=\"elementor-element elementor-element-eaf7189 elementor-widget elementor-widget-image\" data-id=\"eaf7189\" data-element_type=\"widget\" data-widget_type=\"image.default\">\n\t\t\t\t<div class=\"elementor-widget-container\">\n\t\t\t\t\t\t\t\t\t\t\t\t<figure class=\"wp-caption\">\n\t\t\t\t\t\t\t\t\t\t<img decoding=\"async\" width=\"1024\" height=\"765\" src=\"https:\/\/www.gurhanozsamanci.com.tr\/wp-content\/uploads\/2024\/06\/WhatsApp-Gorsel-2024-06-20-saat-19.24.25_4a61f990-1024x765.jpg\" class=\"attachment-large size-large wp-image-1425\" alt=\"\" srcset=\"https:\/\/www.gurhanozsamanci.com.tr\/wp-content\/uploads\/2024\/06\/WhatsApp-Gorsel-2024-06-20-saat-19.24.25_4a61f990-1024x765.jpg 1024w, https:\/\/www.gurhanozsamanci.com.tr\/wp-content\/uploads\/2024\/06\/WhatsApp-Gorsel-2024-06-20-saat-19.24.25_4a61f990-300x224.jpg 300w, https:\/\/www.gurhanozsamanci.com.tr\/wp-content\/uploads\/2024\/06\/WhatsApp-Gorsel-2024-06-20-saat-19.24.25_4a61f990-768x574.jpg 768w, https:\/\/www.gurhanozsamanci.com.tr\/wp-content\/uploads\/2024\/06\/WhatsApp-Gorsel-2024-06-20-saat-19.24.25_4a61f990.jpg 1079w\" sizes=\"(max-width: 1024px) 100vw, 1024px\" \/>\t\t\t\t\t\t\t\t\t\t\t<figcaption class=\"widget-image-caption wp-caption-text\">M\u00fczede Sakl\u0131 Sevda\n<\/figcaption>\n\t\t\t\t\t\t\t\t\t\t<\/figure>\n\t\t\t\t\t\t\t\t\t<\/div>\n\t\t\t\t<\/div>\n\t\t\t\t<\/div>\n\t\t\t\t\t<\/div>\n\t\t\t\t<\/div>\n\t\t\t\t<\/div>\n\t\t","protected":false},"excerpt":{"rendered":"<p>Kitaplar \u00dc\u00e7 kitab\u0131m\u0131n ilk ikisi 27 Eyl\u00fcl 2019\u2019da ve \u00fc\u00e7\u00fcnc\u00fcs\u00fc ise 21 \u015eubat 2020 tarihinde bas\u0131lm\u0131\u015ft\u0131r.&nbsp; Her kitap 100 sayfad\u0131r [&hellip;]<\/p>\n","protected":false},"author":1,"featured_media":0,"parent":0,"menu_order":0,"comment_status":"closed","ping_status":"closed","template":"","meta":{"site-sidebar-layout":"no-sidebar","site-content-layout":"","ast-site-content-layout":"full-width-container","site-content-style":"default","site-sidebar-style":"default","ast-global-header-display":"","ast-banner-title-visibility":"","ast-main-header-display":"","ast-hfb-above-header-display":"","ast-hfb-below-header-display":"","ast-hfb-mobile-header-display":"","site-post-title":"disabled","ast-breadcrumbs-content":"","ast-featured-img":"disabled","footer-sml-layout":"","ast-disable-related-posts":"","theme-transparent-header-meta":"","adv-header-id-meta":"","stick-header-meta":"","header-above-stick-meta":"","header-main-stick-meta":"","header-below-stick-meta":"","astra-migrate-meta-layouts":"default","ast-page-background-enabled":"default","ast-page-background-meta":{"desktop":{"background-color":"var(--ast-global-color-4)","background-image":"","background-repeat":"repeat","background-position":"center center","background-size":"auto","background-attachment":"scroll","background-type":"","background-media":"","overlay-type":"","overlay-color":"","overlay-opacity":"","overlay-gradient":""},"tablet":{"background-color":"","background-image":"","background-repeat":"repeat","background-position":"center center","background-size":"auto","background-attachment":"scroll","background-type":"","background-media":"","overlay-type":"","overlay-color":"","overlay-opacity":"","overlay-gradient":""},"mobile":{"background-color":"","background-image":"","background-repeat":"repeat","background-position":"center center","background-size":"auto","background-attachment":"scroll","background-type":"","background-media":"","overlay-type":"","overlay-color":"","overlay-opacity":"","overlay-gradient":""}},"ast-content-background-meta":{"desktop":{"background-color":"var(--ast-global-color-5)","background-image":"","background-repeat":"repeat","background-position":"center center","background-size":"auto","background-attachment":"scroll","background-type":"","background-media":"","overlay-type":"","overlay-color":"","overlay-opacity":"","overlay-gradient":""},"tablet":{"background-color":"var(--ast-global-color-5)","background-image":"","background-repeat":"repeat","background-position":"center center","background-size":"auto","background-attachment":"scroll","background-type":"","background-media":"","overlay-type":"","overlay-color":"","overlay-opacity":"","overlay-gradient":""},"mobile":{"background-color":"var(--ast-global-color-5)","background-image":"","background-repeat":"repeat","background-position":"center center","background-size":"auto","background-attachment":"scroll","background-type":"","background-media":"","overlay-type":"","overlay-color":"","overlay-opacity":"","overlay-gradient":""}},"footnotes":""},"_links":{"self":[{"href":"https:\/\/www.gurhanozsamanci.com.tr\/index.php?rest_route=\/wp\/v2\/pages\/913"}],"collection":[{"href":"https:\/\/www.gurhanozsamanci.com.tr\/index.php?rest_route=\/wp\/v2\/pages"}],"about":[{"href":"https:\/\/www.gurhanozsamanci.com.tr\/index.php?rest_route=\/wp\/v2\/types\/page"}],"author":[{"embeddable":true,"href":"https:\/\/www.gurhanozsamanci.com.tr\/index.php?rest_route=\/wp\/v2\/users\/1"}],"replies":[{"embeddable":true,"href":"https:\/\/www.gurhanozsamanci.com.tr\/index.php?rest_route=%2Fwp%2Fv2%2Fcomments&post=913"}],"version-history":[{"count":34,"href":"https:\/\/www.gurhanozsamanci.com.tr\/index.php?rest_route=\/wp\/v2\/pages\/913\/revisions"}],"predecessor-version":[{"id":2259,"href":"https:\/\/www.gurhanozsamanci.com.tr\/index.php?rest_route=\/wp\/v2\/pages\/913\/revisions\/2259"}],"wp:attachment":[{"href":"https:\/\/www.gurhanozsamanci.com.tr\/index.php?rest_route=%2Fwp%2Fv2%2Fmedia&parent=913"}],"curies":[{"name":"wp","href":"https:\/\/api.w.org\/{rel}","templated":true}]}}